{"id":1754,"date":"2015-06-15T12:10:44","date_gmt":"2015-06-15T10:10:44","guid":{"rendered":"http:\/\/metadell.com\/?page_id=1754"},"modified":"2018-07-09T16:58:12","modified_gmt":"2018-07-09T14:58:12","slug":"home","status":"publish","type":"page","link":"https:\/\/metadell.com\/ca\/","title":{"rendered":"Home"},"content":{"rendered":"<section class=\"light-wrapper full vc_row wpb_row vc_row-fluid no-pad\">\n\t<div class=\"col-md-12 wpb_column vc_column_container \">\n\t\t<div class=\"wpb_wrapper\">\n\t\t\t<section class=\"hero-slider centered-text-slider  \"><ul class=\"slides\"><li class=\"not-overlay no\"><div class=\"background-image-holder\"><img width=\"1500\" height=\"1001\" src=\"https:\/\/metadell.com\/wp-content\/uploads\/2015\/04\/ajustaje1.jpg\" class=\"background-image\" alt=\"\" loading=\"lazy\" srcset=\"https:\/\/metadell.com\/wp-content\/uploads\/2015\/04\/ajustaje1.jpg 1500w, https:\/\/metadell.com\/wp-content\/uploads\/2015\/04\/ajustaje1-440x295.jpg 440w, https:\/\/metadell.com\/wp-content\/uploads\/2015\/04\/ajustaje1-600x400.jpg 600w, https:\/\/metadell.com\/wp-content\/uploads\/2015\/04\/ajustaje1-300x200.jpg 300w, https:\/\/metadell.com\/wp-content\/uploads\/2015\/04\/ajustaje1-1024x683.jpg 1024w\" sizes=\"(max-width: 1500px) 100vw, 1500px\" \/><\/div><div class=\"container vertical-align\"><div class=\"row\"><div class=\"col-sm-12 text-center ebor-slider-content\"><\/p>\n<h1>Fabricaci\u00f3 de peces mecanitzades a mida.<\/h1>\n<p>\n<\/div><\/div><\/div><\/li><li class=\"not-overlay no\"><div class=\"background-image-holder\"><img width=\"1500\" height=\"1001\" src=\"https:\/\/metadell.com\/wp-content\/uploads\/2015\/04\/materiales.jpg\" class=\"background-image\" alt=\"\" loading=\"lazy\" srcset=\"https:\/\/metadell.com\/wp-content\/uploads\/2015\/04\/materiales.jpg 1500w, https:\/\/metadell.com\/wp-content\/uploads\/2015\/04\/materiales-440x295.jpg 440w, https:\/\/metadell.com\/wp-content\/uploads\/2015\/04\/materiales-600x400.jpg 600w, https:\/\/metadell.com\/wp-content\/uploads\/2015\/04\/materiales-300x200.jpg 300w, https:\/\/metadell.com\/wp-content\/uploads\/2015\/04\/materiales-1024x683.jpg 1024w\" sizes=\"(max-width: 1500px) 100vw, 1500px\" \/><\/div><div class=\"container vertical-align\"><div class=\"row\"><div class=\"col-sm-12 text-center ebor-slider-content\"><\/p>\n<h1>Peces mecanitzades \u00faniques<\/h1>\n<p>\n<\/div><\/div><\/div><\/li><li class=\"not-overlay no\"><div class=\"background-image-holder\"><img width=\"1500\" height=\"1000\" src=\"https:\/\/metadell.com\/wp-content\/uploads\/2015\/04\/torno4ejes.jpg\" class=\"background-image\" alt=\"\" loading=\"lazy\" srcset=\"https:\/\/metadell.com\/wp-content\/uploads\/2015\/04\/torno4ejes.jpg 1500w, https:\/\/metadell.com\/wp-content\/uploads\/2015\/04\/torno4ejes-600x400.jpg 600w, https:\/\/metadell.com\/wp-content\/uploads\/2015\/04\/torno4ejes-300x200.jpg 300w, https:\/\/metadell.com\/wp-content\/uploads\/2015\/04\/torno4ejes-1024x683.jpg 1024w\" sizes=\"(max-width: 1500px) 100vw, 1500px\" \/><\/div><div class=\"container vertical-align\"><div class=\"row\"><div class=\"col-sm-12 text-center ebor-slider-content\"><\/p>\n<h1>Mecanitzat de peces, prototips i petites s\u00e8ries<\/h1>\n<p>\n<\/div><\/div><\/div><\/li><\/ul><\/section>\n\t\t<\/div> \n\t<\/div> \n<\/section><section class=\"light-wrapper light-wrapper vc_row wpb_row vc_row-fluid vc_custom_1434461858235 \"><div class=\"container\"><div class=\"row\">\n\t<div class=\"col-md-12 wpb_column vc_column_container \">\n\t\t<div class=\"wpb_wrapper\">\n\t\t\t<br \/>\n\n<div class=\"wpml-ls-statics-footer wpml-ls wpml-ls-legacy-list-horizontal\" id=\"lang_sel_footer\">\n\t<ul><li class=\"wpml-ls-slot-footer wpml-ls-item wpml-ls-item-en wpml-ls-first-item wpml-ls-item-legacy-list-horizontal\">\n\t\t\t\t<a href=\"https:\/\/metadell.com\/en\/\" class=\"wpml-ls-link\">\n                                                        <img\n            class=\"wpml-ls-flag iclflag\"\n            src=\"https:\/\/metadell.com\/wp-content\/plugins\/sitepress-multilingual-cms\/res\/flags\/en.png\"\n            alt=\"\"\n            width=18\n            height=12\n    \/><span class=\"wpml-ls-native icl_lang_sel_native\" lang=\"en\">English<\/span><\/a>\n\t\t\t<\/li><li class=\"wpml-ls-slot-footer wpml-ls-item wpml-ls-item-es wpml-ls-item-legacy-list-horizontal\">\n\t\t\t\t<a href=\"https:\/\/metadell.com\/\" class=\"wpml-ls-link\">\n                                                        <img\n            class=\"wpml-ls-flag iclflag\"\n            src=\"https:\/\/metadell.com\/wp-content\/plugins\/sitepress-multilingual-cms\/res\/flags\/es.png\"\n            alt=\"\"\n            width=18\n            height=12\n    \/><span class=\"wpml-ls-native icl_lang_sel_native\" lang=\"es\">Espa\u00f1ol<\/span><\/a>\n\t\t\t<\/li><li class=\"wpml-ls-slot-footer wpml-ls-item wpml-ls-item-ca wpml-ls-current-language wpml-ls-last-item wpml-ls-item-legacy-list-horizontal\">\n\t\t\t\t<a href=\"https:\/\/metadell.com\/ca\/\" class=\"wpml-ls-link\">\n                                                        <img\n            class=\"wpml-ls-flag iclflag\"\n            src=\"https:\/\/metadell.com\/wp-content\/plugins\/sitepress-multilingual-cms\/res\/flags\/ca.png\"\n            alt=\"\"\n            width=18\n            height=12\n    \/><span class=\"wpml-ls-native icl_lang_sel_native\">Catal\u00e0<\/span><\/a>\n\t\t\t<\/li><\/ul>\n<\/div>\n<br \/>\n\n\t<div class=\"wpb_text_column wpb_content_element \">\n\t\t<div class=\"wpb_wrapper\">\n\t\t\t<p class=\"super-lead\" style=\"text-align: center;\">Perfecta conjugaci\u00f3 entre tecnologia punta, alta qualificaci\u00f3 del personal, servei directe i personalitzat al client i serietat en els terminis d&#8217;entrega.<\/p>\n\n\t\t<\/div> \n\t<\/div> \n\t\t<\/div> \n\t<\/div> \n<\/div><\/div><\/section><section class=\"image-block light-wrapper image-right vc_row wpb_row vc_row-fluid  \"><div class=\"container\"><div class=\"row\"><div class=\"col-md-5 col-sm-7\">\n\t<div class=\"col-md-12 wpb_column vc_column_container \">\n\t\t<div class=\"wpb_wrapper\">\n\t\t\t<div class=\"text-block\"><div class=\"detail-line\"><\/div><h5>Precisi\u00f3 + qualitat<\/h5><h4>Mecanitzat de peces per arrencada de viruta. Controls de qualitat exhaustius d'\u00faltima generaci\u00f3<\/h4><\/div>\n\t<div class=\"wpb_text_column wpb_content_element \">\n\t\t<div class=\"wpb_wrapper\">\n\t\t\t<p>\u00c0mplia gama de maquin\u00e0ria pel mecanitzat de peces per arrencada de viruta de car\u00e0cter avantguardista, distribu\u00efda per una superf\u00edcie de 1450m\u00b2 i un personal altament qualificat.<\/p>\n<p>TREBALLEM DE FORMA DIFERENT<\/p>\n<p>Els nostres productes es composen de <strong>peces mecanitzades fetes a mida<\/strong>, podent tenir qualsevol complexitat depenent de les necessitats de cada client. Tamb\u00e9 podem realitzar, amb diferents materials, <strong>petites s\u00e8ries<\/strong> i, en cas que es requereixi, el <strong>muntatge de petits conjunts<\/strong>.<\/p>\n\n\t\t<\/div> \n\t<\/div> \n\t\t<\/div> \n\t<\/div> \n<\/div><\/div><\/div><div class=\"image-holder col-md-6 col-sm-4 pull-right\">\n\t\t<div class=\"background-image-holder\"><img alt=\"Slide Background\" class=\"background-image\" src=\"http:\/\/metadell.com\/wp-content\/uploads\/2015\/04\/ctrdentro.jpg?id=1220\"><\/div>\n\t<\/div><\/section><section class=\"light-wrapper  vc_row wpb_row vc_row-fluid \"><div class=\"container\"><div class=\"row\">\n\t<div class=\"col-md-12 wpb_column vc_column_container \">\n\t\t<div class=\"wpb_wrapper\">\n\t\t\t<div class=\"action-strip-1\"><div class=\"text-center\"><span class=\"alt-font\">DISPOSEM D'UN SERVEI DE CONSULTORIA<\/span><span class=\"title\">Gratu\u00eft per als nostres clients<\/span><i class=\"icon pe-7s-look\"><\/i>\n\t\t\t\t<a class=\"text-link\" href=\"http:\/\/metadell.com\/ca\/contactar\/\" target=\"_blank\">Consulti'ns <i class=\"icon arrow_right\"><\/i><\/a>\n\t\t\t<\/div>\n\t\t<\/div>\n\t\t<\/div> \n\t<\/div> \n<\/div><\/div><\/section><section class=\"light-wrapper light-wrapper vc_row wpb_row vc_row-fluid vc_custom_1434033011578 no-pad\"><div class=\"container\"><div class=\"row\">\n\t<div class=\"col-md-6 wpb_column vc_column_container \">\n\t\t<div class=\"wpb_wrapper\">\n\t\t\t<div class=\"feature-box\">\n\t\t\t\t<div class=\"background-image-holder overlay-light-gradient\"><img width=\"1500\" height=\"1001\" src=\"https:\/\/metadell.com\/wp-content\/uploads\/2015\/04\/fresado1.jpg\" class=\"background-image\" alt=\"\" loading=\"lazy\" srcset=\"https:\/\/metadell.com\/wp-content\/uploads\/2015\/04\/fresado1.jpg 1500w, https:\/\/metadell.com\/wp-content\/uploads\/2015\/04\/fresado1-440x295.jpg 440w, https:\/\/metadell.com\/wp-content\/uploads\/2015\/04\/fresado1-600x400.jpg 600w, https:\/\/metadell.com\/wp-content\/uploads\/2015\/04\/fresado1-300x200.jpg 300w, https:\/\/metadell.com\/wp-content\/uploads\/2015\/04\/fresado1-1024x683.jpg 1024w\" sizes=\"(max-width: 1500px) 100vw, 1500px\" \/><\/div>\n\t\t\t\t<div class=\"content\"><\/p>\n<div class=\"hover-content\">\n<h5>Peces mecanitzades<\/h5>\n<h4><a href=\"https:\/\/metadell.com\/ca\/productos\/\">Productes<\/a><\/h4>\n<p>&nbsp;<\/p>\n<\/div>\n<p>\n<\/div>\n\t\t\t   <\/div>\n\t\t<\/div> \n\t<\/div> \n\n\t<div class=\"col-md-6 wpb_column vc_column_container \">\n\t\t<div class=\"wpb_wrapper\">\n\t\t\t<div class=\"feature-box\">\n\t\t\t\t<div class=\"background-image-holder overlay-light-gradient\"><img width=\"1500\" height=\"1001\" src=\"https:\/\/metadell.com\/wp-content\/uploads\/2015\/04\/materiales.jpg\" class=\"background-image\" alt=\"\" loading=\"lazy\" srcset=\"https:\/\/metadell.com\/wp-content\/uploads\/2015\/04\/materiales.jpg 1500w, https:\/\/metadell.com\/wp-content\/uploads\/2015\/04\/materiales-440x295.jpg 440w, https:\/\/metadell.com\/wp-content\/uploads\/2015\/04\/materiales-600x400.jpg 600w, https:\/\/metadell.com\/wp-content\/uploads\/2015\/04\/materiales-300x200.jpg 300w, https:\/\/metadell.com\/wp-content\/uploads\/2015\/04\/materiales-1024x683.jpg 1024w\" sizes=\"(max-width: 1500px) 100vw, 1500px\" \/><\/div>\n\t\t\t\t<div class=\"content\"><\/p>\n<div class=\"hover-content\">\n<h5>Mecanitzat de peces<\/h5>\n<h4><a href=\"https:\/\/metadell.com\/ca\/materials\/\">Materials<\/a><\/h4>\n<p>&nbsp;<\/p>\n<\/div>\n<p>\n<\/div>\n\t\t\t   <\/div>\n\t\t<\/div> \n\t<\/div> \n<\/div><\/div><\/section><section class=\"light-wrapper  vc_row wpb_row vc_row-fluid \"><div class=\"container\"><div class=\"row\">\n\t<div class=\"col-md-12 wpb_column vc_column_container \">\n\t\t<div class=\"wpb_wrapper\">\n\t\t\t<div class=\"text-block\"><div class=\"detail-line\"><\/div><h5>\u00daltimes entrades del Blog<\/h5><\/div>\t\n\t\t\t\n\t\t<div class=\"blog-snippets-1\">\n\t\t\n\t\t\t<div class=\"row\">\n\t\t\t\t\n<div id=\"post-1831\" class=\"col-md-4 col-sm-6 post-1831 post type-post status-publish format-standard hentry category-collaboracions\">\n\t<div class=\"blog-snippet-1 \">\n\t\t\n\t\t\n\t\t<span class=\"date alt-font uppercase\">juny 16, 2015<\/span>\n\t\t\n\t\t<h5>Patrocinadors UPC ecoRacing<\/h5><p>Metadell col\u00b7labora amb ecoRacing el primer f\u00f3rmula de competici\u00f3 h\u00edbrid d&#8217;Estat i el projecte universitari m\u00e9s exit\u00f3s de la seva categoria&#8230;<\/p>\n\t\t\n\t\t<a class=\"text-link\" href=\"https:\/\/metadell.com\/ca\/patrocinadors-upc-ecoracing\/\">\n\t\t\tRead More\t\t<\/a>\n\t\t\n\t<\/div>\n<\/div>\t\n\t\t\t<\/div>\n\t\t\t\n\t\t\t\t\t\t\n\t\t<\/div>\t\n\t\t\n\t\t\t\t\n\n\t\t<\/div> \n\t<\/div> \n<\/div><\/div><\/section>\n","protected":false},"excerpt":{"rendered":"Metadell col\u00b7labora amb ecoRacing el primer f\u00f3rmula de competici\u00f3 h\u00edbrid d'Estat i el projecte universitari m\u00e9s exit\u00f3s de la seva categoria...","protected":false},"author":1,"featured_media":0,"parent":0,"menu_order":0,"comment_status":"open","ping_status":"open","template":"","meta":[],"_links":{"self":[{"href":"https:\/\/metadell.com\/ca\/wp-json\/wp\/v2\/pages\/1754"}],"collection":[{"href":"https:\/\/metadell.com\/ca\/wp-json\/wp\/v2\/pages"}],"about":[{"href":"https:\/\/metadell.com\/ca\/wp-json\/wp\/v2\/types\/page"}],"author":[{"embeddable":true,"href":"https:\/\/metadell.com\/ca\/wp-json\/wp\/v2\/users\/1"}],"replies":[{"embeddable":true,"href":"https:\/\/metadell.com\/ca\/wp-json\/wp\/v2\/comments?post=1754"}],"version-history":[{"count":7,"href":"https:\/\/metadell.com\/ca\/wp-json\/wp\/v2\/pages\/1754\/revisions"}],"predecessor-version":[{"id":2217,"href":"https:\/\/metadell.com\/ca\/wp-json\/wp\/v2\/pages\/1754\/revisions\/2217"}],"wp:attachment":[{"href":"https:\/\/metadell.com\/ca\/wp-json\/wp\/v2\/media?parent=1754"}],"curies":[{"name":"wp","href":"https:\/\/api.w.org\/{rel}","templated":true}]}}