{"id":1758,"date":"2015-06-15T12:41:45","date_gmt":"2015-06-15T10:41:45","guid":{"rendered":"http:\/\/metadell.com\/ca\/?page_id=1758"},"modified":"2015-07-08T12:40:09","modified_gmt":"2015-07-08T10:40:09","slug":"productos","status":"publish","type":"page","link":"https:\/\/metadell.com\/ca\/productos\/","title":{"rendered":"Productes"},"content":{"rendered":"<section class=\"light-wrapper full vc_row wpb_row vc_row-fluid no-pad\">\n\t<div class=\"col-md-12 wpb_column vc_column_container \">\n\t\t<div class=\"wpb_wrapper\">\n\t\t\t<section class=\"hero-slider centered-text-slider parallax short-header\"><ul class=\"slides\"><li class=\"overlay no\"><div class=\"background-image-holder\"><img width=\"1500\" height=\"1000\" src=\"https:\/\/metadell.com\/wp-content\/uploads\/2015\/04\/torno4ejes.jpg\" class=\"background-image\" alt=\"\" loading=\"lazy\" srcset=\"https:\/\/metadell.com\/wp-content\/uploads\/2015\/04\/torno4ejes.jpg 1500w, https:\/\/metadell.com\/wp-content\/uploads\/2015\/04\/torno4ejes-600x400.jpg 600w, https:\/\/metadell.com\/wp-content\/uploads\/2015\/04\/torno4ejes-300x200.jpg 300w, https:\/\/metadell.com\/wp-content\/uploads\/2015\/04\/torno4ejes-1024x683.jpg 1024w\" sizes=\"(max-width: 1500px) 100vw, 1500px\" \/><\/div><div class=\"container vertical-align\"><div class=\"row\"><div class=\"col-sm-12 text-center ebor-slider-content\"><\/p>\n<h1 style=\"text-align: center;\">Tipus de Mecanitzat<\/h1>\n<p>\n<\/div><\/div><\/div><\/li><\/ul><\/section>\n\t\t<\/div> \n\t<\/div> \n<\/section><section class=\"light-wrapper  vc_row wpb_row vc_row-fluid \"><div class=\"container\"><div class=\"row\">\n\t<div class=\"col-md-12 wpb_column vc_column_container \">\n\t\t<div class=\"wpb_wrapper\">\n\t\t\t<div class=\"text-block\"><div class=\"detail-line\"><\/div><h5>Peces mecanitzades en CNC sota comanda<\/h5><h4>Productes<\/h4><\/div>\n\t<div class=\"wpb_text_column wpb_content_element \">\n\t\t<div class=\"wpb_wrapper\">\n\t\t\t<p>Els nostres productes es composen de <strong>peces met\u00e0l\u00b7liques i d&#8217;altres materials mecanitzats en CNC sota comanda<\/strong>, fetes a mida, podent tenir qualsevol complexitat depenent de les necessitats de cada client. Tamb\u00e9 podem realitzar petites s\u00e8ries i, en el cas de que es requereixi, el muntatge de petits conjunts.<\/p>\n\n\t\t<\/div> \n\t<\/div> \n\t\t<\/div> \n\t<\/div> \n<\/div><\/div><\/section><section class=\"light-wrapper  vc_row wpb_row vc_row-fluid \"><div class=\"container\"><div class=\"row\">\n\t<div class=\"col-md-6 wpb_column vc_column_container \">\n\t\t<div class=\"wpb_wrapper\">\n\t\t\t\n\t<div class=\"wpb_single_image wpb_content_element vc_align_left\">\n\t\t<div class=\"wpb_wrapper\">\n\t\t\t\n\t\t\t<a href=\"http:\/\/metadell.com\/ca\/productos\/mecanitzat-ctr\/\" target=\"_self\"><div class=\"vc_single_image-wrapper   vc_box_border_grey\"><img width=\"1500\" height=\"1000\" src=\"https:\/\/metadell.com\/wp-content\/uploads\/2015\/04\/principal-.jpg\" class=\"vc_single_image-img attachment-full\" alt=\"\" loading=\"lazy\" srcset=\"https:\/\/metadell.com\/wp-content\/uploads\/2015\/04\/principal-.jpg 1500w, https:\/\/metadell.com\/wp-content\/uploads\/2015\/04\/principal--600x400.jpg 600w, https:\/\/metadell.com\/wp-content\/uploads\/2015\/04\/principal--300x200.jpg 300w, https:\/\/metadell.com\/wp-content\/uploads\/2015\/04\/principal--1024x683.jpg 1024w\" sizes=\"(max-width: 1500px) 100vw, 1500px\" \/><\/div><\/a>\n\t\t<\/div> \n\t<\/div> \n\t\t<\/div> \n\t<\/div> \n\n\t<div class=\"col-md-6 wpb_column vc_column_container \">\n\t\t<div class=\"wpb_wrapper\">\n\t\t\t<div class=\"text-block\"><div class=\"detail-line\"><\/div><h5>Mecanitzat CTR<\/h5><\/div>\n\t<div class=\"wpb_text_column wpb_content_element \">\n\t\t<div class=\"wpb_wrapper\">\n\t\t\t<p>Els productes es fabriquen en els centres de mecanitzat. La caracter\u00edstica d&#8217;aquestes m\u00e0quines \u00e9s que ofereixen un producte d&#8217;alta qualitat i precisi\u00f3.<\/p>\n\n\t\t<\/div> \n\t<\/div> <a class=\"wpb_button_a\" title=\"Mecanizat CTR\" href=\"http:\/\/metadell.com\/ca\/productos\/mecanitzat-ctr\/\"><span class=\"wpb_button  wpb_btn-inverse wpb_btn-large\">Mecanizat CTR<\/span><\/a>\n\n\t\t<\/div> \n\t<\/div> \n<\/div><\/div><\/section><section class=\"light-wrapper  vc_row wpb_row vc_row-fluid \"><div class=\"container\"><div class=\"row\">\n\t<div class=\"col-md-6 wpb_column vc_column_container \">\n\t\t<div class=\"wpb_wrapper\">\n\t\t\t<div class=\"text-block\"><div class=\"detail-line\"><\/div><h5>Tornejat<\/h5><\/div>\n\t<div class=\"wpb_text_column wpb_content_element \">\n\t\t<div class=\"wpb_wrapper\">\n\t\t\t<p>Els productes fabricats en el tornejat paral\u00b7lel\/convencional permeten el mecanitzat de peces cil\u00edndriques.<\/p>\n\n\t\t<\/div> \n\t<\/div> <a class=\"wpb_button_a\" title=\"Tornejat\" href=\"http:\/\/metadell.com\/ca\/productos\/tornejat\/\"><span class=\"wpb_button  wpb_btn-inverse wpb_btn-large\">Tornejat<\/span><\/a>\n\n\t\t<\/div> \n\t<\/div> \n\n\t<div class=\"col-md-6 wpb_column vc_column_container \">\n\t\t<div class=\"wpb_wrapper\">\n\t\t\t\n\t<div class=\"wpb_single_image wpb_content_element vc_align_left\">\n\t\t<div class=\"wpb_wrapper\">\n\t\t\t\n\t\t\t<a href=\"http:\/\/metadell.com\/ca\/productos\/tornejat\/\" target=\"_self\"><div class=\"vc_single_image-wrapper   vc_box_border_grey\"><img width=\"1500\" height=\"999\" src=\"https:\/\/metadell.com\/wp-content\/uploads\/2015\/04\/principal11.jpg\" class=\"vc_single_image-img attachment-full\" alt=\"\" loading=\"lazy\" srcset=\"https:\/\/metadell.com\/wp-content\/uploads\/2015\/04\/principal11.jpg 1500w, https:\/\/metadell.com\/wp-content\/uploads\/2015\/04\/principal11-600x400.jpg 600w, https:\/\/metadell.com\/wp-content\/uploads\/2015\/04\/principal11-300x200.jpg 300w, https:\/\/metadell.com\/wp-content\/uploads\/2015\/04\/principal11-1024x682.jpg 1024w\" sizes=\"(max-width: 1500px) 100vw, 1500px\" \/><\/div><\/a>\n\t\t<\/div> \n\t<\/div> \n\t\t<\/div> \n\t<\/div> \n<\/div><\/div><\/section><section class=\"light-wrapper  vc_row wpb_row vc_row-fluid \"><div class=\"container\"><div class=\"row\">\n\t<div class=\"col-md-6 wpb_column vc_column_container \">\n\t\t<div class=\"wpb_wrapper\">\n\t\t\t\n\t<div class=\"wpb_single_image wpb_content_element vc_align_left\">\n\t\t<div class=\"wpb_wrapper\">\n\t\t\t\n\t\t\t<a href=\"http:\/\/metadell.com\/ca\/productos\/tornejat-cnc\/\" target=\"_self\"><div class=\"vc_single_image-wrapper   vc_box_border_grey\"><img width=\"1500\" height=\"1000\" src=\"https:\/\/metadell.com\/wp-content\/uploads\/2015\/04\/tornocnc1.jpg\" class=\"vc_single_image-img attachment-full\" alt=\"\" loading=\"lazy\" srcset=\"https:\/\/metadell.com\/wp-content\/uploads\/2015\/04\/tornocnc1.jpg 1500w, https:\/\/metadell.com\/wp-content\/uploads\/2015\/04\/tornocnc1-600x400.jpg 600w, https:\/\/metadell.com\/wp-content\/uploads\/2015\/04\/tornocnc1-300x200.jpg 300w, https:\/\/metadell.com\/wp-content\/uploads\/2015\/04\/tornocnc1-1024x683.jpg 1024w\" sizes=\"(max-width: 1500px) 100vw, 1500px\" \/><\/div><\/a>\n\t\t<\/div> \n\t<\/div> \n\t\t<\/div> \n\t<\/div> \n\n\t<div class=\"col-md-6 wpb_column vc_column_container \">\n\t\t<div class=\"wpb_wrapper\">\n\t\t\t<div class=\"text-block\"><div class=\"detail-line\"><\/div><h5>Tornejat CNC<\/h5><\/div>\n\t<div class=\"wpb_text_column wpb_content_element \">\n\t\t<div class=\"wpb_wrapper\">\n\t\t\t<p>Els productes del tornejat CNC destaquen per la seva complexitat i alta qualitat.<\/p>\n\n\t\t<\/div> \n\t<\/div> <a class=\"wpb_button_a\" title=\"Tornejat CNC\" href=\"http:\/\/metadell.com\/ca\/productos\/tornejat-cnc\/\"><span class=\"wpb_button  wpb_btn-inverse wpb_btn-large\">Tornejat CNC<\/span><\/a>\n\n\t\t<\/div> \n\t<\/div> \n<\/div><\/div><\/section><section class=\"light-wrapper  vc_row wpb_row vc_row-fluid \"><div class=\"container\"><div class=\"row\">\n\t<div class=\"col-md-6 wpb_column vc_column_container \">\n\t\t<div class=\"wpb_wrapper\">\n\t\t\t<div class=\"text-block\"><div class=\"detail-line\"><\/div><h5>Fresat<\/h5><\/div>\n\t<div class=\"wpb_text_column wpb_content_element \">\n\t\t<div class=\"wpb_wrapper\">\n\t\t\t<p>El fresat permet un mecanitzat de peces \u00faniques. Aix\u00f2 fa un producte d&#8217;alta qualitat i especial.<\/p>\n\n\t\t<\/div> \n\t<\/div> <a class=\"wpb_button_a\" title=\"Fresat\" href=\"http:\/\/metadell.com\/ca\/productos\/fresat\/\"><span class=\"wpb_button  wpb_btn-inverse wpb_btn-large\">Fresat<\/span><\/a>\n\n\t\t<\/div> \n\t<\/div> \n\n\t<div class=\"col-md-6 wpb_column vc_column_container \">\n\t\t<div class=\"wpb_wrapper\">\n\t\t\t\n\t<div class=\"wpb_single_image wpb_content_element vc_align_left\">\n\t\t<div class=\"wpb_wrapper\">\n\t\t\t\n\t\t\t<a href=\"http:\/\/metadell.com\/ca\/productos\/fresat\/\" target=\"_self\"><div class=\"vc_single_image-wrapper   vc_box_border_grey\"><img width=\"1500\" height=\"1001\" src=\"https:\/\/metadell.com\/wp-content\/uploads\/2015\/04\/fresado1.jpg\" class=\"vc_single_image-img attachment-full\" alt=\"\" loading=\"lazy\" srcset=\"https:\/\/metadell.com\/wp-content\/uploads\/2015\/04\/fresado1.jpg 1500w, https:\/\/metadell.com\/wp-content\/uploads\/2015\/04\/fresado1-440x295.jpg 440w, https:\/\/metadell.com\/wp-content\/uploads\/2015\/04\/fresado1-600x400.jpg 600w, https:\/\/metadell.com\/wp-content\/uploads\/2015\/04\/fresado1-300x200.jpg 300w, https:\/\/metadell.com\/wp-content\/uploads\/2015\/04\/fresado1-1024x683.jpg 1024w\" sizes=\"(max-width: 1500px) 100vw, 1500px\" \/><\/div><\/a>\n\t\t<\/div> \n\t<\/div> \n\t\t<\/div> \n\t<\/div> \n<\/div><\/div><\/section><section class=\"light-wrapper  vc_row wpb_row vc_row-fluid \"><div class=\"container\"><div class=\"row\">\n\t<div class=\"col-md-6 wpb_column vc_column_container \">\n\t\t<div class=\"wpb_wrapper\">\n\t\t\t\n\t<div class=\"wpb_single_image wpb_content_element vc_align_left\">\n\t\t<div class=\"wpb_wrapper\">\n\t\t\t\n\t\t\t<a href=\"http:\/\/metadell.com\/ca\/productos\/ajustatge\/\" target=\"_self\"><div class=\"vc_single_image-wrapper   vc_box_border_grey\"><img width=\"1500\" height=\"1000\" src=\"https:\/\/metadell.com\/wp-content\/uploads\/2015\/04\/ajustaje.jpg\" class=\"vc_single_image-img attachment-full\" alt=\"\" loading=\"lazy\" srcset=\"https:\/\/metadell.com\/wp-content\/uploads\/2015\/04\/ajustaje.jpg 1500w, https:\/\/metadell.com\/wp-content\/uploads\/2015\/04\/ajustaje-600x400.jpg 600w, https:\/\/metadell.com\/wp-content\/uploads\/2015\/04\/ajustaje-300x200.jpg 300w, https:\/\/metadell.com\/wp-content\/uploads\/2015\/04\/ajustaje-1024x683.jpg 1024w\" sizes=\"(max-width: 1500px) 100vw, 1500px\" \/><\/div><\/a>\n\t\t<\/div> \n\t<\/div> \n\t\t<\/div> \n\t<\/div> \n\n\t<div class=\"col-md-6 wpb_column vc_column_container \">\n\t\t<div class=\"wpb_wrapper\">\n\t\t\t<div class=\"text-block\"><div class=\"detail-line\"><\/div><h5>Ajustatge<\/h5><\/div>\n\t<div class=\"wpb_text_column wpb_content_element \">\n\t\t<div class=\"wpb_wrapper\">\n\t\t\t<p>L&#8217;ajustatge requereix de m\u00e0quines que permetin l&#8217;acabat que la pe\u00e7a necessita. Aix\u00f2 porta a aconseguir una pe\u00e7a a mida i amb l&#8217;acabat que requereix.<\/p>\n\n\t\t<\/div> \n\t<\/div> <a class=\"wpb_button_a\" title=\"Ajustatge\" href=\"http:\/\/metadell.com\/ca\/productos\/ajustatge\/\"><span class=\"wpb_button  wpb_btn-inverse wpb_btn-large\">Ajustatge<\/span><\/a>\n\n\t\t<\/div> \n\t<\/div> \n<\/div><\/div><\/section>\n\t<div class=\"col-md-6 wpb_column vc_column_container \">\n\t\t<div class=\"wpb_wrapper\">\n\t\t\t\n\t\t<\/div> \n\t<\/div>\n","protected":false},"excerpt":{"rendered":"Tipus de Mecanitzat Peces mecanitzades en CNC sota comandaProductes Els nostres productes es composen de peces met\u00e0l\u00b7liques i d'altres materials mecanitzats...","protected":false},"author":1,"featured_media":0,"parent":0,"menu_order":0,"comment_status":"closed","ping_status":"closed","template":"","meta":[],"_links":{"self":[{"href":"https:\/\/metadell.com\/ca\/wp-json\/wp\/v2\/pages\/1758"}],"collection":[{"href":"https:\/\/metadell.com\/ca\/wp-json\/wp\/v2\/pages"}],"about":[{"href":"https:\/\/metadell.com\/ca\/wp-json\/wp\/v2\/types\/page"}],"author":[{"embeddable":true,"href":"https:\/\/metadell.com\/ca\/wp-json\/wp\/v2\/users\/1"}],"replies":[{"embeddable":true,"href":"https:\/\/metadell.com\/ca\/wp-json\/wp\/v2\/comments?post=1758"}],"version-history":[{"count":5,"href":"https:\/\/metadell.com\/ca\/wp-json\/wp\/v2\/pages\/1758\/revisions"}],"predecessor-version":[{"id":1884,"href":"https:\/\/metadell.com\/ca\/wp-json\/wp\/v2\/pages\/1758\/revisions\/1884"}],"wp:attachment":[{"href":"https:\/\/metadell.com\/ca\/wp-json\/wp\/v2\/media?parent=1758"}],"curies":[{"name":"wp","href":"https:\/\/api.w.org\/{rel}","templated":true}]}}