{"id":1762,"date":"2015-06-15T12:49:58","date_gmt":"2015-06-15T10:49:58","guid":{"rendered":"http:\/\/metadell.com\/ca\/?page_id=1762"},"modified":"2021-05-10T12:31:26","modified_gmt":"2021-05-10T10:31:26","slug":"empresa","status":"publish","type":"page","link":"https:\/\/metadell.com\/ca\/empresa\/","title":{"rendered":"Empresa"},"content":{"rendered":"<section class=\"light-wrapper full vc_row wpb_row vc_row-fluid no-pad\">\n\t<div class=\"col-md-12 wpb_column vc_column_container \">\n\t\t<div class=\"wpb_wrapper\">\n\t\t\t<section class=\"hero-slider centered-text-slider parallax short-header\"><ul class=\"slides\"><li class=\"not-overlay no\"><div class=\"background-image-holder\"><img width=\"1500\" height=\"999\" src=\"https:\/\/metadell.com\/wp-content\/uploads\/2015\/02\/portada.jpg\" class=\"background-image\" alt=\"\" loading=\"lazy\" srcset=\"https:\/\/metadell.com\/wp-content\/uploads\/2015\/02\/portada.jpg 1500w, https:\/\/metadell.com\/wp-content\/uploads\/2015\/02\/portada-600x400.jpg 600w, https:\/\/metadell.com\/wp-content\/uploads\/2015\/02\/portada-300x200.jpg 300w, https:\/\/metadell.com\/wp-content\/uploads\/2015\/02\/portada-1024x682.jpg 1024w\" sizes=\"(max-width: 1500px) 100vw, 1500px\" \/><\/div><div class=\"container vertical-align\"><div class=\"row\"><div class=\"col-sm-12 text-center ebor-slider-content\"><h1 style=&#8221;text-align: center;&#8221;>Empresa<\/h1>\n<\/div><\/div><\/div><\/li><\/ul><\/section>\n\t\t<\/div> \n\t<\/div> \n<\/section><section class=\"light-wrapper full vc_row wpb_row vc_row-fluid no-pad\">\n\t<div class=\"col-md-4 wpb_column vc_column_container \">\n\t\t<div class=\"wpb_wrapper\">\n\t\t\t<div class=\"fullwidth-feature\">\n\t\t\t<div class=\"top\">\n\t\t\t\t<i class=\"pe-7s-tools\"><\/i>\n\t\t\t\t<h5>Peces mecanitzades<\/h5>\n\t\t\t\t<div class=\"detail-line\"><\/div>\n\t\t\t\t<div class=\"block-content\"><p>Fabricaci\u00f3 de peces mecanitzades d&#8217;alta precisi\u00f3. M\u00e9s de 30 anys d&#8217;experi\u00e8ncia en el sector.<\/p>\n<\/div>\n\t\t\t<\/div>\n\t\t<\/div>\n\t\t<\/div> \n\t<\/div> \n\n\t<div class=\"col-md-4 wpb_column vc_column_container \">\n\t\t<div class=\"wpb_wrapper\">\n\t\t\t<div class=\"fullwidth-feature\">\n\t\t\t<div class=\"top\">\n\t\t\t\t<i class=\"pe-7s-keypad\"><\/i>\n\t\t\t\t<h5>Peces a mida, s\u00e8ries curtes<\/h5>\n\t\t\t\t<div class=\"detail-line\"><\/div>\n\t\t\t\t<div class=\"block-content\"><p>A Ind\u00fastries Metadell fem peces \u00faniques a mida a m\u00e9s de petites s\u00e8ries i conjunts, tant en tornejat i fresat, com en centre de mecanitzat entre d&#8217;altres.<\/p>\n<\/div>\n\t\t\t<\/div>\n\t\t<\/div>\n\t\t<\/div> \n\t<\/div> \n\n\t<div class=\"col-md-4 wpb_column vc_column_container \">\n\t\t<div class=\"wpb_wrapper\">\n\t\t\t<div class=\"fullwidth-feature\">\n\t\t\t<div class=\"top\">\n\t\t\t\t<i class=\"pe-7s-config\"><\/i>\n\t\t\t\t<h5>Qualitat. Tecnologia.<\/h5>\n\t\t\t\t<div class=\"detail-line\"><\/div>\n\t\t\t\t<div class=\"block-content\"><p>T\u00e8cnica de mecanitzats industrials de la m\u00e9s alta qualitat. Control de qualitat d&#8217;\u00faltima generaci\u00f3. Alta tecnologia per la fabricaci\u00f3 de peces en torns CNC, torns CNC 4 eixos, centres de mecanitzat, gravat a l\u00e0ser&#8230;<\/p>\n<\/div>\n\t\t\t<\/div>\n\t\t<\/div>\n\t\t<\/div> \n\t<\/div> \n<\/section><section class=\"light-wrapper  vc_row wpb_row vc_row-fluid \"><div class=\"container\"><div class=\"row\">\n\t<div class=\"col-md-6 wpb_column vc_column_container \">\n\t\t<div class=\"wpb_wrapper\">\n\t\t\t\n\t<div class=\"wpb_text_column wpb_content_element \">\n\t\t<div class=\"wpb_wrapper\">\n\t\t\t<h3>Mecanitzats industrials<\/h3>\n<p>Ind\u00fastries Metadell es va fundar al 1988 amb una filosofia d&#8217;empresa de servei i amb prop\u00f2sit de cobrir les necessitats dels seus clients. Per aquest motiu, es centra en la fabricaci\u00f3 de peces mecanitzades a mida, peces \u00faniques, prototips i petites s\u00e8ries mitjan\u00e7ant les \u00faltimes t\u00e8cniques de mecanitzat industrial. Aix\u00f2 exigeix una alta precisi\u00f3 en la seva producci\u00f3.<\/p>\n<p>Per aquesta precisi\u00f3, l&#8217;empresa s&#8217;articula en torn a una perfecta conjugaci\u00f3 entre la tecnologia punta del sector, l&#8217;alta qualificaci\u00f3 del personal, el servei directe i personalitzat al client i la serietat en els terminis d&#8217;entrega.<\/p>\n<p>Tot aix\u00f2 s&#8217;engloba en una \u00e0mplia gama de maquin\u00e0ria de car\u00e0cter avantguardista distribu\u00efda per una superf\u00edcie de 1450m\u00b2 i un personal altament qualificat. La precisi\u00f3 i la qualitat en l&#8217;acabat les garanteixen uns controls de qualitat exhaustius d&#8217;\u00faltima generaci\u00f3.<\/p>\n<p>Per tant, la nostra missi\u00f3 sempre ser\u00e0 la d&#8217;un producte de qualitat amb el millor servei i la m\u00e9s alta tecnologia, aconseguint-ho mitjan\u00e7ant la innovaci\u00f3 cont\u00ednua i estant al dia en formaci\u00f3.<\/p>\n\n\t\t<\/div> \n\t<\/div> \n\t<div class=\"wpb_video_widget wpb_content_element\">\n\t\t<div class=\"wpb_wrapper\"><div class=\"wpb_video_wrapper\"><iframe title=\"CATALOGO INDUSTRIES METADELL\" width=\"1170\" height=\"878\" src=\"https:\/\/www.youtube.com\/embed\/203szr2lckE?feature=oembed\" frameborder=\"0\" allow=\"accelerometer; autoplay; clipboard-write; encrypted-media; gyroscope; picture-in-picture\" allowfullscreen><\/iframe><\/div>\n\t\t<\/div> \n\t<\/div> \n\t\t<\/div> \n\t<\/div> \n\n\t<div class=\"col-md-6 wpb_column vc_column_container \">\n\t\t<div class=\"wpb_wrapper\">\n\t\t\t\n\t<div class=\"wpb_text_column wpb_content_element \">\n\t\t<div class=\"wpb_wrapper\">\n\t\t\t<h3>Col\u00b7laboracions<\/h3>\n<p>Per fomentar i ajudar a la formaci\u00f3 de noves generacions dins del sector dels mecanitzats industrials, des de fa anys, Ind\u00fastries Metadell col\u00b7labora amb l&#8217;escola Salesians de Terrassa. Aquesta col\u00b7laboraci\u00f3 implica el comprom\u00eds de formar anualment a alumnes amb els horaris m\u00e9s flexibles, per poder compaginar la formaci\u00f3 a l&#8217;escola amb la pr\u00e0ctica a l&#8217;empresa.<\/p>\n<p>Al 2015 s&#8217;inicia la col\u00b7laboraci\u00f3 amb la Universitat Polit\u00e8cnica de Catalunya (UPC) de Terrassa per a un projecte innovador i sostenible en l&#8217;\u00e0mbit de l&#8217;automoci\u00f3.<\/p>\n\n\t\t<\/div> \n\t<\/div> <div class=\"vc_wp_text wpb_content_element\"><div class=\"widget widget_text\">\t\t\t<div class=\"textwidget\"><p><a href=\"https:\/\/metadell.com\/patrocinadores-upc-ecoracing\/\">Patrocinadores UPC ecoRacing<\/a><\/p>\n<\/div>\n\t\t<\/div><\/div>\n<section class=\"light-wrapper  vc_row wpb_row vc_inner vc_row-fluid \"><div class=\"container\"><div class=\"row\">\n\t<div class=\"col-md-12 wpb_column vc_column_container \">\n\t\t<div class=\"wpb_wrapper\">\n\t\t\t\n\t<div class=\"wpb_single_image wpb_content_element vc_align_left\">\n\t\t<div class=\"wpb_wrapper\">\n\t\t\t\n\t\t\t<div class=\"vc_single_image-wrapper vc_box_border  vc_box_border_grey\"><img width=\"300\" height=\"41\" src=\"https:\/\/metadell.com\/wp-content\/uploads\/2015\/02\/logoUpc_metadell-300x41.jpg\" class=\"vc_single_image-img attachment-medium\" alt=\"\" loading=\"lazy\" srcset=\"https:\/\/metadell.com\/wp-content\/uploads\/2015\/02\/logoUpc_metadell-300x41.jpg 300w, https:\/\/metadell.com\/wp-content\/uploads\/2015\/02\/logoUpc_metadell-600x81.jpg 600w, https:\/\/metadell.com\/wp-content\/uploads\/2015\/02\/logoUpc_metadell.jpg 746w\" sizes=\"(max-width: 300px) 100vw, 300px\" \/><\/div>\n\t\t<\/div> \n\t<\/div> \n\t<div class=\"wpb_single_image wpb_content_element vc_align_left\">\n\t\t<div class=\"wpb_wrapper\">\n\t\t\t\n\t\t\t<div class=\"vc_single_image-wrapper vc_box_border  vc_box_border_grey\"><img width=\"150\" height=\"150\" src=\"https:\/\/metadell.com\/wp-content\/uploads\/2015\/02\/salesians_tarrassa-150x150.jpg\" class=\"vc_single_image-img attachment-thumbnail\" alt=\"\" loading=\"lazy\" srcset=\"https:\/\/metadell.com\/wp-content\/uploads\/2015\/02\/salesians_tarrassa-150x150.jpg 150w, https:\/\/metadell.com\/wp-content\/uploads\/2015\/02\/salesians_tarrassa-100x100.jpg 100w, https:\/\/metadell.com\/wp-content\/uploads\/2015\/02\/salesians_tarrassa-600x600.jpg 600w, https:\/\/metadell.com\/wp-content\/uploads\/2015\/02\/salesians_tarrassa-300x300.jpg 300w, https:\/\/metadell.com\/wp-content\/uploads\/2015\/02\/salesians_tarrassa-60x60.jpg 60w, https:\/\/metadell.com\/wp-content\/uploads\/2015\/02\/salesians_tarrassa.jpg 950w\" sizes=\"(max-width: 150px) 100vw, 150px\" \/><\/div>\n\t\t<\/div> \n\t<\/div> \n\t\t<\/div> \n\t<\/div> \n<\/div><\/div><\/section>\n\t\t<\/div> \n\t<\/div> \n<\/div><\/div><\/section>\n","protected":false},"excerpt":{"rendered":"Empresa Peces mecanitzades Fabricaci\u00f3 de peces mecanitzades d'alta precisi\u00f3. M\u00e9s de 30 anys d'experi\u00e8ncia en el sector. Peces a mida, s\u00e8ries...","protected":false},"author":1,"featured_media":0,"parent":0,"menu_order":0,"comment_status":"closed","ping_status":"closed","template":"","meta":[],"_links":{"self":[{"href":"https:\/\/metadell.com\/ca\/wp-json\/wp\/v2\/pages\/1762"}],"collection":[{"href":"https:\/\/metadell.com\/ca\/wp-json\/wp\/v2\/pages"}],"about":[{"href":"https:\/\/metadell.com\/ca\/wp-json\/wp\/v2\/types\/page"}],"author":[{"embeddable":true,"href":"https:\/\/metadell.com\/ca\/wp-json\/wp\/v2\/users\/1"}],"replies":[{"embeddable":true,"href":"https:\/\/metadell.com\/ca\/wp-json\/wp\/v2\/comments?post=1762"}],"version-history":[{"count":2,"href":"https:\/\/metadell.com\/ca\/wp-json\/wp\/v2\/pages\/1762\/revisions"}],"predecessor-version":[{"id":2281,"href":"https:\/\/metadell.com\/ca\/wp-json\/wp\/v2\/pages\/1762\/revisions\/2281"}],"wp:attachment":[{"href":"https:\/\/metadell.com\/ca\/wp-json\/wp\/v2\/media?parent=1762"}],"curies":[{"name":"wp","href":"https:\/\/api.w.org\/{rel}","templated":true}]}}