{"id":1768,"date":"2015-06-15T13:22:52","date_gmt":"2015-06-15T11:22:52","guid":{"rendered":"http:\/\/metadell.com\/ca\/?page_id=1768"},"modified":"2015-07-08T12:54:03","modified_gmt":"2015-07-08T10:54:03","slug":"mecanitzat-ctr","status":"publish","type":"page","link":"https:\/\/metadell.com\/ca\/productos\/mecanitzat-ctr\/","title":{"rendered":"Mecanitzat CTR"},"content":{"rendered":"<section class=\"light-wrapper dark-bg vc_row wpb_row vc_row-fluid \"><div class=\"container\"><div class=\"row\">\n\t<div class=\"col-md-12 wpb_column vc_column_container \">\n\t\t<div class=\"wpb_wrapper\">\n\t\t\t<div class=\"text-block\"><div class=\"detail-line\"><\/div><h5>Productes<\/h5><h4>Mecanitzat CTR<\/h4><\/div>\n\t\t<\/div> \n\t<\/div> \n<\/div><\/div><\/section><section class=\"light-wrapper  vc_row wpb_row vc_row-fluid \"><div class=\"container\"><div class=\"row\">\n\t<div class=\"col-md-4 wpb_column vc_column_container \">\n\t\t<div class=\"wpb_wrapper\">\n\t\t\t<div class=\"vc_custom_heading\" ><h2 style=\"text-align: left;font-family:Montserrat;font-weight:400;font-style:normal\" >Centres mecanitzat de peces CTR-CNC<\/h2><\/div>\n\t<div class=\"wpb_text_column wpb_content_element \">\n\t\t<div class=\"wpb_wrapper\">\n\t\t\t<p>Els productes es fabriquen en els centres de mecanitzat CTR CNC.<\/p>\n<p>La caracter\u00edstica d&#8217;aquestes m\u00e0quines \u00e9s que ofereixen un producte d&#8217;alta qualitat i precisi\u00f3.<\/p>\n\n\t\t<\/div> \n\t<\/div> <div class=\"vc_separator wpb_content_element vc_sep_width_100 vc_sep_pos_align_center vc_separator_no_text vc_sep_color_grey\">\n\t<span class=\"vc_sep_holder vc_sep_holder_l\"><span class=\"vc_sep_line\"><\/span><\/span>\n\t\t<span class=\"vc_sep_holder vc_sep_holder_r\"><span class=\"vc_sep_line\"><\/span><\/span>\n<\/div>\n\n\n\t<div class=\"wpb_text_column wpb_content_element \">\n\t\t<div class=\"wpb_wrapper\">\n\t\t\t<h3 style=\"text-align: left;\">Contacti&#8217;ns 937 31 77 95<\/h3>\n\n\t\t<\/div> \n\t<\/div> \n<div class=\"wpcf7 no-js\" id=\"wpcf7-f1833-o1\" lang=\"es-ES\" dir=\"ltr\">\n<div class=\"screen-reader-response\"><p role=\"status\" aria-live=\"polite\" aria-atomic=\"true\"><\/p> <ul><\/ul><\/div>\n<form action=\"\/ca\/wp-json\/wp\/v2\/pages\/1768#wpcf7-f1833-o1\" method=\"post\" class=\"wpcf7-form init\" aria-label=\"Formulario de contacto\" novalidate=\"novalidate\" data-status=\"init\">\n<div style=\"display: none;\">\n<input type=\"hidden\" name=\"_wpcf7\" value=\"1833\" \/>\n<input type=\"hidden\" name=\"_wpcf7_version\" value=\"5.7.7\" \/>\n<input type=\"hidden\" name=\"_wpcf7_locale\" value=\"es_ES\" \/>\n<input type=\"hidden\" name=\"_wpcf7_unit_tag\" value=\"wpcf7-f1833-o1\" \/>\n<input type=\"hidden\" name=\"_wpcf7_container_post\" value=\"0\" \/>\n<input type=\"hidden\" name=\"_wpcf7_posted_data_hash\" value=\"\" \/>\n<\/div>\n<p>Nom (requerit)\n<\/p>\n<p><span class=\"wpcf7-form-control-wrap\" data-name=\"your-name\"><input size=\"40\" class=\"wpcf7-form-control wpcf7-text wpcf7-validates-as-required\" aria-required=\"true\" aria-invalid=\"false\" value=\"\" type=\"text\" name=\"your-name\" \/><\/span>\n<\/p>\n<p>E-mail (requerit)\n<\/p>\n<p><span class=\"wpcf7-form-control-wrap\" data-name=\"your-email\"><input size=\"40\" class=\"wpcf7-form-control wpcf7-text wpcf7-email wpcf7-validates-as-required wpcf7-validates-as-email\" aria-required=\"true\" aria-invalid=\"false\" value=\"\" type=\"email\" name=\"your-email\" \/><\/span>\n<\/p>\n<p>Assumpte\n<\/p>\n<p><span class=\"wpcf7-form-control-wrap\" data-name=\"your-subject\"><input size=\"40\" class=\"wpcf7-form-control wpcf7-text\" aria-invalid=\"false\" value=\"\" type=\"text\" name=\"your-subject\" \/><\/span>\n<\/p>\n<p>Missatge\n<\/p>\n<p><span class=\"wpcf7-form-control-wrap\" data-name=\"your-message\"><textarea cols=\"40\" rows=\"10\" class=\"wpcf7-form-control wpcf7-textarea\" aria-invalid=\"false\" name=\"your-message\"><\/textarea><\/span>\n<\/p>\n<p><input class=\"wpcf7-form-control has-spinner wpcf7-submit\" type=\"submit\" value=\"Enviar\" \/>\n<\/p><div class=\"wpcf7-response-output\" aria-hidden=\"true\"><\/div>\n<\/form>\n<\/div>\n\n\t\t<\/div> \n\t<\/div> \n\n\t<div class=\"col-md-4 wpb_column vc_column_container \">\n\t\t<div class=\"wpb_wrapper\">\n\t\t\t\n\t<div class=\"wpb_single_image wpb_content_element vc_align_center\">\n\t\t<div class=\"wpb_wrapper\">\n\t\t\t\n\t\t\t<div class=\"vc_single_image-wrapper vc_box_outline  vc_box_border_grey\"><img width=\"344\" height=\"229\" src=\"https:\/\/metadell.com\/wp-content\/uploads\/2015\/06\/pieza_CTR_1.jpg\" class=\"vc_single_image-img attachment-large\" alt=\"piezas-centros-mecanizado-cnc-ctr\" loading=\"lazy\" srcset=\"https:\/\/metadell.com\/wp-content\/uploads\/2015\/06\/pieza_CTR_1.jpg 344w, https:\/\/metadell.com\/wp-content\/uploads\/2015\/06\/pieza_CTR_1-300x200.jpg 300w\" sizes=\"(max-width: 344px) 100vw, 344px\" \/><\/div>\n\t\t<\/div> \n\t<\/div> \n\t<div class=\"wpb_single_image wpb_content_element vc_align_center\">\n\t\t<div class=\"wpb_wrapper\">\n\t\t\t\n\t\t\t<div class=\"vc_single_image-wrapper vc_box_outline  vc_box_border_grey\"><img width=\"1500\" height=\"1000\" src=\"https:\/\/metadell.com\/wp-content\/uploads\/2015\/04\/CTR4.jpg\" class=\"vc_single_image-img attachment-full\" alt=\"piezas-centros-mecanizado-cnc-ctr\" loading=\"lazy\" srcset=\"https:\/\/metadell.com\/wp-content\/uploads\/2015\/04\/CTR4.jpg 1500w, https:\/\/metadell.com\/wp-content\/uploads\/2015\/04\/CTR4-600x400.jpg 600w, https:\/\/metadell.com\/wp-content\/uploads\/2015\/04\/CTR4-300x200.jpg 300w, https:\/\/metadell.com\/wp-content\/uploads\/2015\/04\/CTR4-1024x683.jpg 1024w\" sizes=\"(max-width: 1500px) 100vw, 1500px\" \/><\/div>\n\t\t<\/div> \n\t<\/div> \n\t\t<\/div> \n\t<\/div> \n\n\t<div class=\"col-md-4 wpb_column vc_column_container \">\n\t\t<div class=\"wpb_wrapper\">\n\t\t\t\n\t<div class=\"wpb_single_image wpb_content_element vc_align_center\">\n\t\t<div class=\"wpb_wrapper\">\n\t\t\t\n\t\t\t<div class=\"vc_single_image-wrapper vc_box_outline  vc_box_border_grey\"><img width=\"1500\" height=\"1000\" src=\"https:\/\/metadell.com\/wp-content\/uploads\/2015\/04\/CTR2.jpg\" class=\"vc_single_image-img attachment-full\" alt=\"piezas-centros-mecanizado-cnc-ctr\" loading=\"lazy\" srcset=\"https:\/\/metadell.com\/wp-content\/uploads\/2015\/04\/CTR2.jpg 1500w, https:\/\/metadell.com\/wp-content\/uploads\/2015\/04\/CTR2-600x400.jpg 600w, https:\/\/metadell.com\/wp-content\/uploads\/2015\/04\/CTR2-300x200.jpg 300w, https:\/\/metadell.com\/wp-content\/uploads\/2015\/04\/CTR2-1024x683.jpg 1024w\" sizes=\"(max-width: 1500px) 100vw, 1500px\" \/><\/div>\n\t\t<\/div> \n\t<\/div> \n\t<div class=\"wpb_single_image wpb_content_element vc_align_center\">\n\t\t<div class=\"wpb_wrapper\">\n\t\t\t\n\t\t\t<div class=\"vc_single_image-wrapper vc_box_outline  vc_box_border_grey\"><img width=\"1500\" height=\"1000\" src=\"https:\/\/metadell.com\/wp-content\/uploads\/2015\/04\/CTR1.jpg\" class=\"vc_single_image-img attachment-full\" alt=\"piezas-centros-mecanizado-cnc-ctr\" loading=\"lazy\" srcset=\"https:\/\/metadell.com\/wp-content\/uploads\/2015\/04\/CTR1.jpg 1500w, https:\/\/metadell.com\/wp-content\/uploads\/2015\/04\/CTR1-600x400.jpg 600w, https:\/\/metadell.com\/wp-content\/uploads\/2015\/04\/CTR1-300x200.jpg 300w, https:\/\/metadell.com\/wp-content\/uploads\/2015\/04\/CTR1-1024x683.jpg 1024w\" sizes=\"(max-width: 1500px) 100vw, 1500px\" \/><\/div>\n\t\t<\/div> \n\t<\/div> \n\t\t<\/div> \n\t<\/div> \n<\/div><\/div><\/section>\n","protected":false},"excerpt":{"rendered":"ProductesMecanitzat CTR Centres mecanitzat de peces CTR-CNC Els productes es fabriquen en els centres de mecanitzat CTR CNC. La caracter\u00edstica d'aquestes...","protected":false},"author":1,"featured_media":0,"parent":1758,"menu_order":0,"comment_status":"open","ping_status":"open","template":"","meta":[],"_links":{"self":[{"href":"https:\/\/metadell.com\/ca\/wp-json\/wp\/v2\/pages\/1768"}],"collection":[{"href":"https:\/\/metadell.com\/ca\/wp-json\/wp\/v2\/pages"}],"about":[{"href":"https:\/\/metadell.com\/ca\/wp-json\/wp\/v2\/types\/page"}],"author":[{"embeddable":true,"href":"https:\/\/metadell.com\/ca\/wp-json\/wp\/v2\/users\/1"}],"replies":[{"embeddable":true,"href":"https:\/\/metadell.com\/ca\/wp-json\/wp\/v2\/comments?post=1768"}],"version-history":[{"count":2,"href":"https:\/\/metadell.com\/ca\/wp-json\/wp\/v2\/pages\/1768\/revisions"}],"predecessor-version":[{"id":1835,"href":"https:\/\/metadell.com\/ca\/wp-json\/wp\/v2\/pages\/1768\/revisions\/1835"}],"up":[{"embeddable":true,"href":"https:\/\/metadell.com\/ca\/wp-json\/wp\/v2\/pages\/1758"}],"wp:attachment":[{"href":"https:\/\/metadell.com\/ca\/wp-json\/wp\/v2\/media?parent=1768"}],"curies":[{"name":"wp","href":"https:\/\/api.w.org\/{rel}","templated":true}]}}