{"id":1790,"date":"2015-06-15T15:11:24","date_gmt":"2015-06-15T13:11:24","guid":{"rendered":"http:\/\/metadell.com\/ca\/?page_id=1790"},"modified":"2015-07-08T12:36:53","modified_gmt":"2015-07-08T10:36:53","slug":"mecanitzat-de-plastics","status":"publish","type":"page","link":"https:\/\/metadell.com\/ca\/materials\/mecanitzat-de-plastics\/","title":{"rendered":"Mecanitzat de pl\u00e0stics"},"content":{"rendered":"<section class=\"light-wrapper dark-bg vc_row wpb_row vc_row-fluid \"><div class=\"container\"><div class=\"row\">\n\t<div class=\"col-md-12 wpb_column vc_column_container \">\n\t\t<div class=\"wpb_wrapper\">\n\t\t\t<div class=\"text-block\"><div class=\"detail-line\"><\/div><h5>Materials<\/h5><h4>Mecanitzat pl\u00e0stics<\/h4><\/div>\n\t\t<\/div> \n\t<\/div> \n<\/div><\/div><\/section><section class=\"light-wrapper  vc_row wpb_row vc_row-fluid \"><div class=\"container\"><div class=\"row\">\n\t<div class=\"col-md-6 wpb_column vc_column_container \">\n\t\t<div class=\"wpb_wrapper\">\n\t\t\t<div class=\"vc_custom_heading\" ><h2 style=\"text-align: left;font-family:Montserrat;font-weight:400;font-style:normal\" >Mecanitzat de peces de pl\u00e0stic<\/h2><\/div>\n\t<div class=\"wpb_text_column wpb_content_element \">\n\t\t<div class=\"wpb_wrapper\">\n\t\t\t<ul>\n<li><em><strong>Nil\u00f3<\/strong>:<\/em> \u00c9s un pol\u00edmer artificial que pertany al grup dels poliamides. \u00c9s un pol\u00edmer cristal\u00b7l\u00ed ja que se li d\u00f3na un temps per a que s&#8217;organitzi i es refredi lentament, sent per aquest motiu molt resistent.<\/li>\n<li><strong><em>Delrin:<\/em><\/strong> \u00c9s la marca comercial del Polioximetil\u00e8 (POM), tamb\u00e9 anomenat Poliacetal. \u00c9s un termopl\u00e0stic cristal\u00b7l\u00ed d&#8217;alta rigidesa, utilitzat en mecanitzat de peces de pl\u00e0stic de precisi\u00f3 per les seves caracter\u00edstiques.<\/li>\n<li><strong><em>Arnite:<\/em><\/strong> Utilitzat en peces de precisi\u00f3, \u00e9s el m\u00e9s r\u00edgid dels termopl\u00e0stics. Tereftalat de polietil\u00e8 (PET de l&#8217;angl\u00e8s polyethylene terephtalate).<\/li>\n<li><em><strong>Tefl\u00f3<\/strong>:<\/em> \u00c9s la marca comercial del Politetrafluoroetil\u00e8 (PTFE). \u00c9s un pol\u00edmer similar al polietil\u00e8, i la seva propietat principal es que \u00e9s pr\u00e0cticament inert.<\/li>\n<li><strong><em>Peek<\/em><\/strong>: \u00c9s un termopl\u00e0stic semicristal\u00b7l\u00ed idoni per aplicacions que requereixin altes sol\u00b7licitacions mec\u00e0niques. Aix\u00f2 \u00e9s gr\u00e0cies a la seva excel\u00b7lent resist\u00e8ncia mec\u00e0nica i qu\u00edmica.<\/li>\n<\/ul>\n\n\t\t<\/div> \n\t<\/div> <div class=\"vc_separator wpb_content_element vc_sep_width_100 vc_sep_pos_align_center vc_separator_no_text vc_sep_color_grey\">\n\t<span class=\"vc_sep_holder vc_sep_holder_l\"><span class=\"vc_sep_line\"><\/span><\/span>\n\t\t<span class=\"vc_sep_holder vc_sep_holder_r\"><span class=\"vc_sep_line\"><\/span><\/span>\n<\/div>\n\n\n\t<div class=\"wpb_text_column wpb_content_element \">\n\t\t<div class=\"wpb_wrapper\">\n\t\t\t<h3 style=\"text-align: left;\">Contacti&#8217;ns\u00a0 \u00a0 \u00a0 \u00a0 \u00a0 \u00a0 \u00a0 \u00a0 \u00a0 \u00a0 \u00a0 \u00a0 \u00a0\u00a0\u00a0\u00a0\u00a0\u00a0\u00a0 937 31 77 95<\/h3>\n\n\t\t<\/div> \n\t<\/div> \n<div class=\"wpcf7 no-js\" id=\"wpcf7-f1833-o1\" lang=\"es-ES\" dir=\"ltr\">\n<div class=\"screen-reader-response\"><p role=\"status\" aria-live=\"polite\" aria-atomic=\"true\"><\/p> <ul><\/ul><\/div>\n<form action=\"\/ca\/wp-json\/wp\/v2\/pages\/1790#wpcf7-f1833-o1\" method=\"post\" class=\"wpcf7-form init\" aria-label=\"Formulario de contacto\" novalidate=\"novalidate\" data-status=\"init\">\n<div style=\"display: none;\">\n<input type=\"hidden\" name=\"_wpcf7\" value=\"1833\" \/>\n<input type=\"hidden\" name=\"_wpcf7_version\" value=\"5.7.7\" \/>\n<input type=\"hidden\" name=\"_wpcf7_locale\" value=\"es_ES\" \/>\n<input type=\"hidden\" name=\"_wpcf7_unit_tag\" value=\"wpcf7-f1833-o1\" \/>\n<input type=\"hidden\" name=\"_wpcf7_container_post\" value=\"0\" \/>\n<input type=\"hidden\" name=\"_wpcf7_posted_data_hash\" value=\"\" \/>\n<\/div>\n<p>Nom (requerit)\n<\/p>\n<p><span class=\"wpcf7-form-control-wrap\" data-name=\"your-name\"><input size=\"40\" class=\"wpcf7-form-control wpcf7-text wpcf7-validates-as-required\" aria-required=\"true\" aria-invalid=\"false\" value=\"\" type=\"text\" name=\"your-name\" \/><\/span>\n<\/p>\n<p>E-mail (requerit)\n<\/p>\n<p><span class=\"wpcf7-form-control-wrap\" data-name=\"your-email\"><input size=\"40\" class=\"wpcf7-form-control wpcf7-text wpcf7-email wpcf7-validates-as-required wpcf7-validates-as-email\" aria-required=\"true\" aria-invalid=\"false\" value=\"\" type=\"email\" name=\"your-email\" \/><\/span>\n<\/p>\n<p>Assumpte\n<\/p>\n<p><span class=\"wpcf7-form-control-wrap\" data-name=\"your-subject\"><input size=\"40\" class=\"wpcf7-form-control wpcf7-text\" aria-invalid=\"false\" value=\"\" type=\"text\" name=\"your-subject\" \/><\/span>\n<\/p>\n<p>Missatge\n<\/p>\n<p><span class=\"wpcf7-form-control-wrap\" data-name=\"your-message\"><textarea cols=\"40\" rows=\"10\" class=\"wpcf7-form-control wpcf7-textarea\" aria-invalid=\"false\" name=\"your-message\"><\/textarea><\/span>\n<\/p>\n<p><input class=\"wpcf7-form-control has-spinner wpcf7-submit\" type=\"submit\" value=\"Enviar\" \/>\n<\/p><div class=\"wpcf7-response-output\" aria-hidden=\"true\"><\/div>\n<\/form>\n<\/div>\n\n\t\t<\/div> \n\t<\/div> \n\n\t<div class=\"col-md-6 wpb_column vc_column_container \">\n\t\t<div class=\"wpb_wrapper\">\n\t\t\t\n\t<div class=\"wpb_single_image wpb_content_element vc_align_center\">\n\t\t<div class=\"wpb_wrapper\">\n\t\t\t\n\t\t\t<div class=\"vc_single_image-wrapper vc_box_outline  vc_box_border_grey\"><img width=\"1500\" height=\"1000\" src=\"https:\/\/metadell.com\/wp-content\/uploads\/2015\/04\/arnite.jpg\" class=\"vc_single_image-img attachment-full\" alt=\"mecanizado plasticos\" loading=\"lazy\" srcset=\"https:\/\/metadell.com\/wp-content\/uploads\/2015\/04\/arnite.jpg 1500w, https:\/\/metadell.com\/wp-content\/uploads\/2015\/04\/arnite-600x400.jpg 600w, https:\/\/metadell.com\/wp-content\/uploads\/2015\/04\/arnite-300x200.jpg 300w, https:\/\/metadell.com\/wp-content\/uploads\/2015\/04\/arnite-1024x683.jpg 1024w\" sizes=\"(max-width: 1500px) 100vw, 1500px\" \/><\/div>\n\t\t<\/div> \n\t<\/div> \n\t\t<\/div> \n\t<\/div> \n<\/div><\/div><\/section>\n","protected":false},"excerpt":{"rendered":"MaterialsMecanitzat pl\u00e0stics Mecanitzat de peces de pl\u00e0stic Nil\u00f3: \u00c9s un pol\u00edmer artificial que pertany al grup dels poliamides. \u00c9s un pol\u00edmer...","protected":false},"author":1,"featured_media":0,"parent":1781,"menu_order":0,"comment_status":"open","ping_status":"open","template":"","meta":[],"_links":{"self":[{"href":"https:\/\/metadell.com\/ca\/wp-json\/wp\/v2\/pages\/1790"}],"collection":[{"href":"https:\/\/metadell.com\/ca\/wp-json\/wp\/v2\/pages"}],"about":[{"href":"https:\/\/metadell.com\/ca\/wp-json\/wp\/v2\/types\/page"}],"author":[{"embeddable":true,"href":"https:\/\/metadell.com\/ca\/wp-json\/wp\/v2\/users\/1"}],"replies":[{"embeddable":true,"href":"https:\/\/metadell.com\/ca\/wp-json\/wp\/v2\/comments?post=1790"}],"version-history":[{"count":2,"href":"https:\/\/metadell.com\/ca\/wp-json\/wp\/v2\/pages\/1790\/revisions"}],"predecessor-version":[{"id":1848,"href":"https:\/\/metadell.com\/ca\/wp-json\/wp\/v2\/pages\/1790\/revisions\/1848"}],"up":[{"embeddable":true,"href":"https:\/\/metadell.com\/ca\/wp-json\/wp\/v2\/pages\/1781"}],"wp:attachment":[{"href":"https:\/\/metadell.com\/ca\/wp-json\/wp\/v2\/media?parent=1790"}],"curies":[{"name":"wp","href":"https:\/\/api.w.org\/{rel}","templated":true}]}}