{"id":1798,"date":"2015-06-15T15:31:16","date_gmt":"2015-06-15T13:31:16","guid":{"rendered":"http:\/\/metadell.com\/ca\/?page_id=1798"},"modified":"2020-06-01T10:07:27","modified_gmt":"2020-06-01T08:07:27","slug":"torns","status":"publish","type":"page","link":"https:\/\/metadell.com\/ca\/maquinaria\/torns\/","title":{"rendered":"Torns"},"content":{"rendered":"<section class=\"light-wrapper dark-bg vc_row wpb_row vc_row-fluid \"><div class=\"container\"><div class=\"row\">\n\t<div class=\"col-md-12 wpb_column vc_column_container \">\n\t\t<div class=\"wpb_wrapper\">\n\t\t\t<div class=\"text-block\"><div class=\"detail-line\"><\/div><h5>Maquin\u00e0ria<\/h5><h4>Torn, Torn CNC, Tornejat<\/h4><\/div>\n\t\t<\/div> \n\t<\/div> \n<\/div><\/div><\/section><section class=\"light-wrapper  vc_row wpb_row vc_row-fluid \"><div class=\"container\"><div class=\"row\">\n\t<div class=\"col-md-4 wpb_column vc_column_container \">\n\t\t<div class=\"wpb_wrapper\">\n\t\t\t\n\t<div class=\"wpb_text_column wpb_content_element \">\n\t\t<div class=\"wpb_wrapper\">\n\t\t\t<h4>Torn convencional<\/h4>\n<p>Disposem de 5 Torns Convencionals d&#8217;1 a 2 metres amb di\u00e0metres m\u00e0xims de 600mm. Tots ells disposen de pantalla digital.<\/p>\n\n\t\t<\/div> \n\t<\/div> \n\t\t<\/div> \n\t<\/div> \n\n\t<div class=\"col-md-4 wpb_column vc_column_container \">\n\t\t<div class=\"wpb_wrapper\">\n\t\t\t\n\t<div class=\"wpb_text_column wpb_content_element \">\n\t\t<div class=\"wpb_wrapper\">\n\t\t\t<h4>Torn CNC<\/h4>\n<p>Disposem de 4 Torns CNC per mecanitzaci\u00f3 en plat fins a un di\u00e0metre m\u00e0xim de 500mm i 1000mm entre punts.<\/p>\n\n\t\t<\/div> \n\t<\/div> \n\t\t<\/div> \n\t<\/div> \n\n\t<div class=\"col-md-4 wpb_column vc_column_container \">\n\t\t<div class=\"wpb_wrapper\">\n\t\t\t\n\t<div class=\"wpb_text_column wpb_content_element \">\n\t\t<div class=\"wpb_wrapper\">\n\t\t\t<h4>Torn CNC 4 eixos<\/h4>\n<p>Disposem de 2 Torns amb eix Y, C i eines motoritzades.<\/p>\n\n\t\t<\/div> \n\t<\/div> \n\t\t<\/div> \n\t<\/div> \n<\/div><\/div><\/section><section class=\"light-wrapper  vc_row wpb_row vc_row-fluid \"><div class=\"container\"><div class=\"row\">\n\t<div class=\"col-md-2 wpb_column vc_column_container \">\n\t\t<div class=\"wpb_wrapper\">\n\t\t\t\n\t\t<\/div> \n\t<\/div> \n\n\t<div class=\"col-md-8 wpb_column vc_column_container \">\n\t\t<div class=\"wpb_wrapper\">\n\t\t\t\n\t<div class=\"wpb_single_image wpb_content_element vc_align_center\">\n\t\t<div class=\"wpb_wrapper\">\n\t\t\t\n\t\t\t<div class=\"vc_single_image-wrapper   vc_box_border_grey\"><img width=\"1024\" height=\"683\" src=\"https:\/\/metadell.com\/wp-content\/uploads\/2015\/04\/torno4ejes-1024x683.jpg\" class=\"vc_single_image-img attachment-large\" alt=\"\" loading=\"lazy\" srcset=\"https:\/\/metadell.com\/wp-content\/uploads\/2015\/04\/torno4ejes-1024x683.jpg 1024w, https:\/\/metadell.com\/wp-content\/uploads\/2015\/04\/torno4ejes-600x400.jpg 600w, https:\/\/metadell.com\/wp-content\/uploads\/2015\/04\/torno4ejes-300x200.jpg 300w, https:\/\/metadell.com\/wp-content\/uploads\/2015\/04\/torno4ejes.jpg 1500w\" sizes=\"(max-width: 1024px) 100vw, 1024px\" \/><\/div>\n\t\t<\/div> \n\t<\/div> \n\t\t<\/div> \n\t<\/div> \n\n\t<div class=\"col-md-2 wpb_column vc_column_container \">\n\t\t<div class=\"wpb_wrapper\">\n\t\t\t\n\t\t<\/div> \n\t<\/div> \n<\/div><\/div><\/section><section class=\"light-wrapper  vc_row wpb_row vc_row-fluid \"><div class=\"container\"><div class=\"row\">\n\t<div class=\"col-md-6 wpb_column vc_column_container \">\n\t\t<div class=\"wpb_wrapper\">\n\t\t\t\n\t<div class=\"wpb_text_column wpb_content_element \">\n\t\t<div class=\"wpb_wrapper\">\n\t\t\t<p>Consulti els nostres productes procedents del tornejat .<\/p>\n\n\t\t<\/div> \n\t<\/div> <a class=\"wpb_button_a\" title=\"Productes Torn\" href=\"http:\/\/metadell.com\/ca\/productos\/tornejat\/\"><span class=\"wpb_button  wpb_wpb_button wpb_btn-large\">Productes Torn<\/span><\/a>\n\n\t\t<\/div> \n\t<\/div> \n\n\t<div class=\"col-md-6 wpb_column vc_column_container \">\n\t\t<div class=\"wpb_wrapper\">\n\t\t\t\n\t<div class=\"wpb_text_column wpb_content_element \">\n\t\t<div class=\"wpb_wrapper\">\n\t\t\t<p>Si t\u00e9 qualsevol dubte sobre els productes que podem mecanitzar, no dubti en contactar amb nosaltres.<\/p>\n\n\t\t<\/div> \n\t<\/div> <a class=\"wpb_button_a\" title=\"Contactar\" href=\"http:\/\/metadell.com\/ca\/contactar\/\"><span class=\"wpb_button  wpb_btn-danger wpb_btn-large\">Contactar<\/span><\/a>\n\n\t\t<\/div> \n\t<\/div> \n<\/div><\/div><\/section>\n","protected":false},"excerpt":{"rendered":"Maquin\u00e0riaTorn, Torn CNC, Tornejat Torn convencional Disposem de 5 Torns Convencionals d'1 a 2 metres amb di\u00e0metres m\u00e0xims de 600mm. Tots...","protected":false},"author":1,"featured_media":0,"parent":1794,"menu_order":0,"comment_status":"open","ping_status":"closed","template":"","meta":[],"_links":{"self":[{"href":"https:\/\/metadell.com\/ca\/wp-json\/wp\/v2\/pages\/1798"}],"collection":[{"href":"https:\/\/metadell.com\/ca\/wp-json\/wp\/v2\/pages"}],"about":[{"href":"https:\/\/metadell.com\/ca\/wp-json\/wp\/v2\/types\/page"}],"author":[{"embeddable":true,"href":"https:\/\/metadell.com\/ca\/wp-json\/wp\/v2\/users\/1"}],"replies":[{"embeddable":true,"href":"https:\/\/metadell.com\/ca\/wp-json\/wp\/v2\/comments?post=1798"}],"version-history":[{"count":3,"href":"https:\/\/metadell.com\/ca\/wp-json\/wp\/v2\/pages\/1798\/revisions"}],"predecessor-version":[{"id":2258,"href":"https:\/\/metadell.com\/ca\/wp-json\/wp\/v2\/pages\/1798\/revisions\/2258"}],"up":[{"embeddable":true,"href":"https:\/\/metadell.com\/ca\/wp-json\/wp\/v2\/pages\/1794"}],"wp:attachment":[{"href":"https:\/\/metadell.com\/ca\/wp-json\/wp\/v2\/media?parent=1798"}],"curies":[{"name":"wp","href":"https:\/\/api.w.org\/{rel}","templated":true}]}}