{"id":1804,"date":"2015-06-16T09:15:13","date_gmt":"2015-06-16T07:15:13","guid":{"rendered":"http:\/\/metadell.com\/ca\/?page_id=1804"},"modified":"2015-07-08T12:58:50","modified_gmt":"2015-07-08T10:58:50","slug":"sectors","status":"publish","type":"page","link":"https:\/\/metadell.com\/ca\/sectors\/","title":{"rendered":"Sectors"},"content":{"rendered":"<section class=\"light-wrapper full vc_row wpb_row vc_row-fluid no-pad\">\n\t<div class=\"col-md-12 wpb_column vc_column_container \">\n\t\t<div class=\"wpb_wrapper\">\n\t\t\t<section class=\"hero-slider centered-text-slider parallax short-header\"><ul class=\"slides\"><li class=\"overlay no\"><div class=\"background-image-holder\"><img width=\"1500\" height=\"450\" src=\"https:\/\/metadell.com\/wp-content\/uploads\/2015\/06\/sectores_aplicaciones.jpg\" class=\"background-image\" alt=\"\" loading=\"lazy\" srcset=\"https:\/\/metadell.com\/wp-content\/uploads\/2015\/06\/sectores_aplicaciones.jpg 1500w, https:\/\/metadell.com\/wp-content\/uploads\/2015\/06\/sectores_aplicaciones-600x180.jpg 600w, https:\/\/metadell.com\/wp-content\/uploads\/2015\/06\/sectores_aplicaciones-300x90.jpg 300w, https:\/\/metadell.com\/wp-content\/uploads\/2015\/06\/sectores_aplicaciones-1024x307.jpg 1024w\" sizes=\"(max-width: 1500px) 100vw, 1500px\" \/><\/div><div class=\"container vertical-align\"><div class=\"row\"><div class=\"col-sm-12 text-center ebor-slider-content\"><\/p>\n<h1 style=\"text-align: center;\">Sectors<\/h1>\n<p>\n<\/div><\/div><\/div><\/li><\/ul><\/section>\n\t\t<\/div> \n\t<\/div> \n<\/section><section class=\"light-wrapper dark-bg vc_row wpb_row vc_row-fluid \"><div class=\"container\"><div class=\"row\">\n\t<div class=\"col-md-12 wpb_column vc_column_container \">\n\t\t<div class=\"wpb_wrapper\">\n\t\t\t<div class=\"vc_custom_heading\" ><h3 style=\"text-align: center;font-family:Open Sans;font-weight:400;font-style:normal\" >Treballem amb m\u00faltiples sectors oferint-los a cada un d'ells la m\u00e9s alta qualitat en els nostres processos de mecanitzat de precisi\u00f3<\/h3><\/div>\n\t\t<\/div> \n\t<\/div> \n<\/div><\/div><\/section><section class=\"light-wrapper  vc_row wpb_row vc_row-fluid \"><div class=\"container\"><div class=\"row\">\n\t<div class=\"col-md-4 wpb_column vc_column_container \">\n\t\t<div class=\"wpb_wrapper\">\n\t\t\t\n\t<div class=\"wpb_single_image wpb_content_element vc_align_center\">\n\t\t<div class=\"wpb_wrapper\">\n\t\t\t<h2 class=\"wpb_heading wpb_singleimage_heading\">Construcci\u00f3 de maquin\u00e0ria<\/h2>\n\t\t\t<a href=\"http:\/\/metadell.com\/ca\/sectors\/construccio-de-maquinaria\/\" target=\"_self\"><div class=\"vc_single_image-wrapper vc_box_circle  vc_box_border_grey\"><img width=\"300\" height=\"200\" src=\"https:\/\/metadell.com\/wp-content\/uploads\/2015\/04\/mecanizado_piezas_construccion_maquinaria-300x200.jpg\" class=\"vc_single_image-img attachment-medium\" alt=\"\" loading=\"lazy\" \/><\/div><\/a>\n\t\t<\/div> \n\t<\/div> \n\t\t<\/div> \n\t<\/div> \n\n\t<div class=\"col-md-4 wpb_column vc_column_container \">\n\t\t<div class=\"wpb_wrapper\">\n\t\t\t\n\t<div class=\"wpb_single_image wpb_content_element vc_align_center\">\n\t\t<div class=\"wpb_wrapper\">\n\t\t\t<h2 class=\"wpb_heading wpb_singleimage_heading\">Empreses d'enginyeria i consultoria<\/h2>\n\t\t\t<a href=\"http:\/\/metadell.com\/ca\/sectors\/enginyeries\/\" target=\"_self\"><div class=\"vc_single_image-wrapper vc_box_circle  vc_box_border_grey\"><img width=\"300\" height=\"199\" src=\"https:\/\/metadell.com\/wp-content\/uploads\/2015\/04\/ingenieria_bis-300x199.jpg\" class=\"vc_single_image-img attachment-medium\" alt=\"procesos mecanizado precision especiales\" loading=\"lazy\" srcset=\"https:\/\/metadell.com\/wp-content\/uploads\/2015\/04\/ingenieria_bis-300x199.jpg 300w, https:\/\/metadell.com\/wp-content\/uploads\/2015\/04\/ingenieria_bis.jpg 555w\" sizes=\"(max-width: 300px) 100vw, 300px\" \/><\/div><\/a>\n\t\t<\/div> \n\t<\/div> \n\t\t<\/div> \n\t<\/div> \n\n\t<div class=\"col-md-4 wpb_column vc_column_container \">\n\t\t<div class=\"wpb_wrapper\">\n\t\t\t\n\t<div class=\"wpb_single_image wpb_content_element vc_align_center\">\n\t\t<div class=\"wpb_wrapper\">\n\t\t\t<h2 class=\"wpb_heading wpb_singleimage_heading\">Manteniments maquin\u00e0ria<\/h2>\n\t\t\t<a href=\"http:\/\/metadell.com\/ca\/sectors\/manteniments-maquinaria\/\" target=\"_self\"><div class=\"vc_single_image-wrapper vc_box_circle  vc_box_border_grey\"><img width=\"300\" height=\"199\" src=\"https:\/\/metadell.com\/wp-content\/uploads\/2015\/04\/mantenimiento_bis-300x199.jpg\" class=\"vc_single_image-img attachment-medium\" alt=\"procesos mecanizado precision especiales\" loading=\"lazy\" srcset=\"https:\/\/metadell.com\/wp-content\/uploads\/2015\/04\/mantenimiento_bis-300x199.jpg 300w, https:\/\/metadell.com\/wp-content\/uploads\/2015\/04\/mantenimiento_bis.jpg 555w\" sizes=\"(max-width: 300px) 100vw, 300px\" \/><\/div><\/a>\n\t\t<\/div> \n\t<\/div> \n\t\t<\/div> \n\t<\/div> \n<\/div><\/div><\/section><section class=\"light-wrapper  vc_row wpb_row vc_row-fluid \"><div class=\"container\"><div class=\"row\">\n\t<div class=\"col-md-6 wpb_column vc_column_container \">\n\t\t<div class=\"wpb_wrapper\">\n\t\t\t\n\t<div class=\"wpb_single_image wpb_content_element vc_align_center\">\n\t\t<div class=\"wpb_wrapper\">\n\t\t\t<h2 class=\"wpb_heading wpb_singleimage_heading\">Components de transport<\/h2>\n\t\t\t<a href=\"http:\/\/metadell.com\/ca\/sectors\/components-transport\/\" target=\"_self\"><div class=\"vc_single_image-wrapper vc_box_circle  vc_box_border_grey\"><img width=\"300\" height=\"199\" src=\"https:\/\/metadell.com\/wp-content\/uploads\/2015\/04\/transporte_bis-300x199.jpg\" class=\"vc_single_image-img attachment-medium\" alt=\"procesos mecanizado precision especiales\" loading=\"lazy\" srcset=\"https:\/\/metadell.com\/wp-content\/uploads\/2015\/04\/transporte_bis-300x199.jpg 300w, https:\/\/metadell.com\/wp-content\/uploads\/2015\/04\/transporte_bis.jpg 555w\" sizes=\"(max-width: 300px) 100vw, 300px\" \/><\/div><\/a>\n\t\t<\/div> \n\t<\/div> \n\t\t<\/div> \n\t<\/div> \n\n\t<div class=\"col-md-6 wpb_column vc_column_container \">\n\t\t<div class=\"wpb_wrapper\">\n\t\t\t\n\t<div class=\"wpb_single_image wpb_content_element vc_align_center\">\n\t\t<div class=\"wpb_wrapper\">\n\t\t\t<h2 class=\"wpb_heading wpb_singleimage_heading\">Components d'armament<\/h2>\n\t\t\t<a href=\"http:\/\/metadell.com\/ca\/sectors\/components-armament\/\" target=\"_self\"><div class=\"vc_single_image-wrapper vc_box_circle  vc_box_border_grey\"><img width=\"300\" height=\"199\" src=\"https:\/\/metadell.com\/wp-content\/uploads\/2015\/04\/armamento_bis--300x199.jpg\" class=\"vc_single_image-img attachment-medium\" alt=\"procesos mecanizado precision especiales\" loading=\"lazy\" srcset=\"https:\/\/metadell.com\/wp-content\/uploads\/2015\/04\/armamento_bis--300x199.jpg 300w, https:\/\/metadell.com\/wp-content\/uploads\/2015\/04\/armamento_bis-.jpg 555w\" sizes=\"(max-width: 300px) 100vw, 300px\" \/><\/div><\/a>\n\t\t<\/div> \n\t<\/div> \n\t\t<\/div> \n\t<\/div> \n<\/div><\/div><\/section>\n","protected":false},"excerpt":{"rendered":"Sectors Treballem amb m\u00faltiples sectors oferint-los a cada un d'ells la m\u00e9s alta qualitat en els nostres processos de mecanitzat de...","protected":false},"author":1,"featured_media":0,"parent":0,"menu_order":0,"comment_status":"closed","ping_status":"closed","template":"","meta":[],"_links":{"self":[{"href":"https:\/\/metadell.com\/ca\/wp-json\/wp\/v2\/pages\/1804"}],"collection":[{"href":"https:\/\/metadell.com\/ca\/wp-json\/wp\/v2\/pages"}],"about":[{"href":"https:\/\/metadell.com\/ca\/wp-json\/wp\/v2\/types\/page"}],"author":[{"embeddable":true,"href":"https:\/\/metadell.com\/ca\/wp-json\/wp\/v2\/users\/1"}],"replies":[{"embeddable":true,"href":"https:\/\/metadell.com\/ca\/wp-json\/wp\/v2\/comments?post=1804"}],"version-history":[{"count":3,"href":"https:\/\/metadell.com\/ca\/wp-json\/wp\/v2\/pages\/1804\/revisions"}],"predecessor-version":[{"id":1891,"href":"https:\/\/metadell.com\/ca\/wp-json\/wp\/v2\/pages\/1804\/revisions\/1891"}],"wp:attachment":[{"href":"https:\/\/metadell.com\/ca\/wp-json\/wp\/v2\/media?parent=1804"}],"curies":[{"name":"wp","href":"https:\/\/api.w.org\/{rel}","templated":true}]}}