{"id":1806,"date":"2015-06-16T09:19:12","date_gmt":"2015-06-16T07:19:12","guid":{"rendered":"http:\/\/metadell.com\/ca\/?page_id=1806"},"modified":"2015-07-08T13:08:01","modified_gmt":"2015-07-08T11:08:01","slug":"construccio-de-maquinaria","status":"publish","type":"page","link":"https:\/\/metadell.com\/ca\/sectors\/construccio-de-maquinaria\/","title":{"rendered":"Construcci\u00f3 de maquin\u00e0ria"},"content":{"rendered":"<section class=\"light-wrapper dark-bg vc_row wpb_row vc_row-fluid \"><div class=\"container\"><div class=\"row\">\n\t<div class=\"col-md-12 wpb_column vc_column_container \">\n\t\t<div class=\"wpb_wrapper\">\n\t\t\t<div class=\"text-block\"><div class=\"detail-line\"><\/div><h5>Sectors<\/h5><h4>Construcci\u00f3 de maquin\u00e0ria<\/h4><\/div>\n\t\t<\/div> \n\t<\/div> \n<\/div><\/div><\/section><section class=\"light-wrapper  vc_row wpb_row vc_row-fluid \"><div class=\"container\"><div class=\"row\">\n\t<div class=\"col-md-6 wpb_column vc_column_container \">\n\t\t<div class=\"wpb_wrapper\">\n\t\t\t<div class=\"vc_custom_heading\" ><h2 style=\"text-align: left;font-family:Montserrat;font-weight:400;font-style:normal\" >Mecanitzat de peces pel sector de la construcci\u00f3 de maquin\u00e0ria<\/h2><\/div>\n\t<div class=\"wpb_text_column wpb_content_element \">\n\t\t<div class=\"wpb_wrapper\">\n\t\t\t<p>Treballem amb empreses especialitzades en la fabricaci\u00f3 de maquin\u00e0ria per sectors concrets, podent aix\u00ed oferir les millors prestacions.<\/p>\n<p><em>&#8211; <strong>Env\u00e0s i embalatge:<\/strong><\/em> Treballem per empreses que ofereixen la \u00faltima tecnologia en la fabricaci\u00f3 de m\u00e0quines envasadores i d&#8217;embalatge.<\/p>\n<p><strong>&#8211; <em>Alimentaci\u00f3:<\/em><\/strong> Treballem amb empreses fabricants de m\u00e0quines dedicades a la industria aliment\u00e0ria. Donat que el sector requereix les m\u00e9s exigents normes internacionals, aquestes m\u00e0quines exigeixen, per tant, que cada component tingui la qualitat exigida.<\/p>\n<p><strong><em>&#8211; Farmac\u00e8utica:<\/em><\/strong> Treballem amb empreses fabricants de maquin\u00e0ria complexa per atendre als m\u00e9s espec\u00edfics requeriments que el sector farmac\u00e8utic exigeix.<\/p>\n<p><strong><em>&#8211; Qu\u00edmica<\/em><\/strong><strong>:<\/strong> El sector qu\u00edmic exigeix que les empreses fabricants de maquin\u00e0ria d&#8217;aquest sector estiguin amb la tecnologia punta del moment, sempre a l&#8217;avantguarda de cada innovaci\u00f3.<\/p>\n\n\t\t<\/div> \n\t<\/div> <div class=\"vc_separator wpb_content_element vc_sep_width_100 vc_sep_pos_align_center vc_separator_no_text vc_sep_color_grey\">\n\t<span class=\"vc_sep_holder vc_sep_holder_l\"><span class=\"vc_sep_line\"><\/span><\/span>\n\t\t<span class=\"vc_sep_holder vc_sep_holder_r\"><span class=\"vc_sep_line\"><\/span><\/span>\n<\/div>\n\n\n\t<div class=\"wpb_text_column wpb_content_element \">\n\t\t<div class=\"wpb_wrapper\">\n\t\t\t<h3 style=\"text-align: left;\">Contacti&#8217;ns\u00a0 \u00a0 \u00a0 \u00a0 \u00a0 \u00a0 \u00a0 \u00a0 \u00a0 \u00a0 \u00a0 \u00a0 \u00a0\u00a0\u00a0\u00a0\u00a0\u00a0\u00a0 937 31 77 95<\/h3>\n\n\t\t<\/div> \n\t<\/div> \n<div class=\"wpcf7 no-js\" id=\"wpcf7-f1833-o1\" lang=\"es-ES\" dir=\"ltr\">\n<div class=\"screen-reader-response\"><p role=\"status\" aria-live=\"polite\" aria-atomic=\"true\"><\/p> <ul><\/ul><\/div>\n<form action=\"\/ca\/wp-json\/wp\/v2\/pages\/1806#wpcf7-f1833-o1\" method=\"post\" class=\"wpcf7-form init\" aria-label=\"Formulario de contacto\" novalidate=\"novalidate\" data-status=\"init\">\n<div style=\"display: none;\">\n<input type=\"hidden\" name=\"_wpcf7\" value=\"1833\" \/>\n<input type=\"hidden\" name=\"_wpcf7_version\" value=\"5.7.7\" \/>\n<input type=\"hidden\" name=\"_wpcf7_locale\" value=\"es_ES\" \/>\n<input type=\"hidden\" name=\"_wpcf7_unit_tag\" value=\"wpcf7-f1833-o1\" \/>\n<input type=\"hidden\" name=\"_wpcf7_container_post\" value=\"0\" \/>\n<input type=\"hidden\" name=\"_wpcf7_posted_data_hash\" value=\"\" \/>\n<\/div>\n<p>Nom (requerit)\n<\/p>\n<p><span class=\"wpcf7-form-control-wrap\" data-name=\"your-name\"><input size=\"40\" class=\"wpcf7-form-control wpcf7-text wpcf7-validates-as-required\" aria-required=\"true\" aria-invalid=\"false\" value=\"\" type=\"text\" name=\"your-name\" \/><\/span>\n<\/p>\n<p>E-mail (requerit)\n<\/p>\n<p><span class=\"wpcf7-form-control-wrap\" data-name=\"your-email\"><input size=\"40\" class=\"wpcf7-form-control wpcf7-text wpcf7-email wpcf7-validates-as-required wpcf7-validates-as-email\" aria-required=\"true\" aria-invalid=\"false\" value=\"\" type=\"email\" name=\"your-email\" \/><\/span>\n<\/p>\n<p>Assumpte\n<\/p>\n<p><span class=\"wpcf7-form-control-wrap\" data-name=\"your-subject\"><input size=\"40\" class=\"wpcf7-form-control wpcf7-text\" aria-invalid=\"false\" value=\"\" type=\"text\" name=\"your-subject\" \/><\/span>\n<\/p>\n<p>Missatge\n<\/p>\n<p><span class=\"wpcf7-form-control-wrap\" data-name=\"your-message\"><textarea cols=\"40\" rows=\"10\" class=\"wpcf7-form-control wpcf7-textarea\" aria-invalid=\"false\" name=\"your-message\"><\/textarea><\/span>\n<\/p>\n<p><input class=\"wpcf7-form-control has-spinner wpcf7-submit\" type=\"submit\" value=\"Enviar\" \/>\n<\/p><div class=\"wpcf7-response-output\" aria-hidden=\"true\"><\/div>\n<\/form>\n<\/div>\n\n\t\t<\/div> \n\t<\/div> \n\n\t<div class=\"col-md-6 wpb_column vc_column_container \">\n\t\t<div class=\"wpb_wrapper\">\n\t\t\t\n\t<div class=\"wpb_single_image wpb_content_element vc_align_center\">\n\t\t<div class=\"wpb_wrapper\">\n\t\t\t\n\t\t\t<div class=\"vc_single_image-wrapper vc_box_outline  vc_box_border_grey\"><img width=\"1300\" height=\"1300\" src=\"https:\/\/metadell.com\/wp-content\/uploads\/2015\/04\/construccionmaquinaria.jpg\" class=\"vc_single_image-img attachment-full\" alt=\"\" loading=\"lazy\" srcset=\"https:\/\/metadell.com\/wp-content\/uploads\/2015\/04\/construccionmaquinaria.jpg 1300w, https:\/\/metadell.com\/wp-content\/uploads\/2015\/04\/construccionmaquinaria-100x100.jpg 100w, https:\/\/metadell.com\/wp-content\/uploads\/2015\/04\/construccionmaquinaria-600x600.jpg 600w, https:\/\/metadell.com\/wp-content\/uploads\/2015\/04\/construccionmaquinaria-150x150.jpg 150w, https:\/\/metadell.com\/wp-content\/uploads\/2015\/04\/construccionmaquinaria-300x300.jpg 300w, https:\/\/metadell.com\/wp-content\/uploads\/2015\/04\/construccionmaquinaria-1024x1024.jpg 1024w, https:\/\/metadell.com\/wp-content\/uploads\/2015\/04\/construccionmaquinaria-60x60.jpg 60w\" sizes=\"(max-width: 1300px) 100vw, 1300px\" \/><\/div>\n\t\t<\/div> \n\t<\/div> \n\t\t<\/div> \n\t<\/div> \n<\/div><\/div><\/section>\n","protected":false},"excerpt":{"rendered":"SectorsConstrucci\u00f3 de maquin\u00e0ria Mecanitzat de peces pel sector de la construcci\u00f3 de maquin\u00e0ria Treballem amb empreses especialitzades en la fabricaci\u00f3 de...","protected":false},"author":1,"featured_media":0,"parent":1804,"menu_order":0,"comment_status":"closed","ping_status":"open","template":"","meta":[],"_links":{"self":[{"href":"https:\/\/metadell.com\/ca\/wp-json\/wp\/v2\/pages\/1806"}],"collection":[{"href":"https:\/\/metadell.com\/ca\/wp-json\/wp\/v2\/pages"}],"about":[{"href":"https:\/\/metadell.com\/ca\/wp-json\/wp\/v2\/types\/page"}],"author":[{"embeddable":true,"href":"https:\/\/metadell.com\/ca\/wp-json\/wp\/v2\/users\/1"}],"replies":[{"embeddable":true,"href":"https:\/\/metadell.com\/ca\/wp-json\/wp\/v2\/comments?post=1806"}],"version-history":[{"count":2,"href":"https:\/\/metadell.com\/ca\/wp-json\/wp\/v2\/pages\/1806\/revisions"}],"predecessor-version":[{"id":1840,"href":"https:\/\/metadell.com\/ca\/wp-json\/wp\/v2\/pages\/1806\/revisions\/1840"}],"up":[{"embeddable":true,"href":"https:\/\/metadell.com\/ca\/wp-json\/wp\/v2\/pages\/1804"}],"wp:attachment":[{"href":"https:\/\/metadell.com\/ca\/wp-json\/wp\/v2\/media?parent=1806"}],"curies":[{"name":"wp","href":"https:\/\/api.w.org\/{rel}","templated":true}]}}