{"id":1818,"date":"2015-06-16T09:39:28","date_gmt":"2015-06-16T07:39:28","guid":{"rendered":"http:\/\/metadell.com\/ca\/?page_id=1818"},"modified":"2015-12-23T17:40:10","modified_gmt":"2015-12-23T16:40:10","slug":"qualitat","status":"publish","type":"page","link":"https:\/\/metadell.com\/ca\/serveis\/qualitat\/","title":{"rendered":"Qualitat"},"content":{"rendered":"<section class=\"light-wrapper dark-bg vc_row wpb_row vc_row-fluid \"><div class=\"container\"><div class=\"row\">\n\t<div class=\"col-md-12 wpb_column vc_column_container \">\n\t\t<div class=\"wpb_wrapper\">\n\t\t\t<div class=\"text-block\"><div class=\"detail-line\"><\/div><h5>Serveis<\/h5><h4>Qualitat<\/h4><\/div>\n\t\t<\/div> \n\t<\/div> \n<\/div><\/div><\/section><section class=\"light-wrapper  vc_row wpb_row vc_row-fluid \"><div class=\"container\"><div class=\"row\">\n\t<div class=\"col-md-12 wpb_column vc_column_container \">\n\t\t<div class=\"wpb_wrapper\">\n\t\t\t<div class=\"vc_message_box vc_message_box-standard vc_message_box-rounded vc_color-alert-success\">\n\t<div class=\"vc_message_box-icon\"><i class=\"vc_pixel_icon vc_pixel_icon-tick\"><\/i>\n\t<\/div><p>A Ind\u00fastries Metadell assegurem la qualitat i la precisi\u00f3 de cada pe\u00e7a mecanitzada<\/p>\n<\/div>\n\t<div class=\"wpb_text_column wpb_content_element \">\n\t\t<div class=\"wpb_wrapper\">\n\t\t\t<p>Per aconseguir-ho, al nostre taller de mecanitzat, en el cas de petites s\u00e8ries, disposem d&#8217;un exhaustiu control de qualitat en el proc\u00e9s de mecanitzaci\u00f3 de la pe\u00e7a, i d&#8217;un mostreig al departament de qualitat. En el cas de fabricaci\u00f3 de peces \u00faniques\/peces a mida, hi ha una verificaci\u00f3 de la pe\u00e7a al departament de qualitat.<\/p>\n\n\t\t<\/div> \n\t<\/div> \n\t\t<\/div> \n\t<\/div> \n<\/div><\/div><\/section><section class=\"light-wrapper  vc_row wpb_row vc_row-fluid \"><div class=\"container\"><div class=\"row\">\n\t<div class=\"col-md-4 wpb_column vc_column_container \">\n\t\t<div class=\"wpb_wrapper\">\n\t\t\t\n\t<div class=\"wpb_single_image wpb_content_element vc_align_center\">\n\t\t<div class=\"wpb_wrapper\">\n\t\t\t\n\t\t\t<div class=\"vc_single_image-wrapper vc_box_border  vc_box_border_grey\"><img width=\"241\" height=\"300\" src=\"https:\/\/metadell.com\/wp-content\/uploads\/2015\/06\/calidad_metadell_1bis.jpg\" class=\"vc_single_image-img attachment-large\" alt=\"talleres mecanizados peque\u00f1as series\" loading=\"lazy\" \/><\/div>\n\t\t<\/div> \n\t<\/div> \n\t<div class=\"wpb_text_column wpb_content_element \">\n\t\t<div class=\"wpb_wrapper\">\n\t\t\t<p style=\"text-align: left;\">Els mateixos operaris realitzen una verificaci\u00f3 pr\u00e8via mentre estan treballant en la pe\u00e7a. Disposen de material de verificaci\u00f3 modern i calibrat; peus de rei, palmers fins a di\u00e0metre 600, mira fons, trim\u00e0tics, rugos\u00edmetres i cales de patr\u00f3 entre d&#8217;altres.<\/p>\n\n\t\t<\/div> \n\t<\/div> \n\t\t<\/div> \n\t<\/div> \n\n\t<div class=\"col-md-4 wpb_column vc_column_container \">\n\t\t<div class=\"wpb_wrapper\">\n\t\t\t\n\t<div class=\"wpb_single_image wpb_content_element vc_align_center\">\n\t\t<div class=\"wpb_wrapper\">\n\t\t\t\n\t\t\t<div class=\"vc_single_image-wrapper vc_box_border  vc_box_border_grey\"><img width=\"233\" height=\"300\" src=\"https:\/\/metadell.com\/wp-content\/uploads\/2015\/04\/calidad_metadell-233x300.jpg\" class=\"vc_single_image-img attachment-medium\" alt=\"talleres mecanizados piezas a medida\" loading=\"lazy\" srcset=\"https:\/\/metadell.com\/wp-content\/uploads\/2015\/04\/calidad_metadell-233x300.jpg 233w, https:\/\/metadell.com\/wp-content\/uploads\/2015\/04\/calidad_metadell.jpg 350w\" sizes=\"(max-width: 233px) 100vw, 233px\" \/><\/div>\n\t\t<\/div> \n\t<\/div> \n\t<div class=\"wpb_text_column wpb_content_element \">\n\t\t<div class=\"wpb_wrapper\">\n\t\t\t<p style=\"text-align: left;\">No obstant, la verificaci\u00f3 que indica la qualitat de la pe\u00e7a es realitza a la sala de verificaci\u00f3, on els responsables de qualitat comproven, sobre pl\u00e0nol, les mesures. Per dur-ho a terme, disposem d&#8217;una m\u00e0quina tridimensional d&#8217;\u00faltima generaci\u00f3, la TESA Micro-Hite 3D, que assegura un error d&#8217;una micra.<\/p>\n\n\t\t<\/div> \n\t<\/div> \n\t\t<\/div> \n\t<\/div> \n\n\t<div class=\"col-md-4 wpb_column vc_column_container \">\n\t\t<div class=\"wpb_wrapper\">\n\t\t\t\n\t<div class=\"wpb_text_column wpb_content_element \">\n\t\t<div class=\"wpb_wrapper\">\n\t\t\t<p style=\"text-align: left;\">A m\u00e9s, buscant una l\u00ednia de creixement constant en el marc del comprom\u00eds amb la millora cont\u00ednua, disposem d&#8217;un Sistema de Gesti\u00f3 de Qualitat basat en la norma UNE EN ISO 9001:2008.<\/p>\n<p style=\"text-align: left;\">Enfoquem aquest Sistema de Qualitat i de millora cont\u00ednua en el prop\u00f2sit d&#8217;aconseguir la satisfacci\u00f3 dels nostres clients. Per obtenir l&#8217;esmentada satisfacci\u00f3, prenem com a punt de partida el compliment dels requisits establerts pels nostres clients, tant els establerts legalment com altres que l&#8217;organitzaci\u00f3 subscrigui.<\/p>\n\n\t\t<\/div> \n\t<\/div> \n\t\t<\/div> \n\t<\/div> \n<\/div><\/div><\/section>\n","protected":false},"excerpt":{"rendered":"ServeisQualitat A Ind\u00fastries Metadell assegurem la qualitat i la precisi\u00f3 de cada pe\u00e7a mecanitzada Per aconseguir-ho, al nostre taller de mecanitzat,...","protected":false},"author":1,"featured_media":0,"parent":1816,"menu_order":0,"comment_status":"open","ping_status":"open","template":"","meta":[],"_links":{"self":[{"href":"https:\/\/metadell.com\/ca\/wp-json\/wp\/v2\/pages\/1818"}],"collection":[{"href":"https:\/\/metadell.com\/ca\/wp-json\/wp\/v2\/pages"}],"about":[{"href":"https:\/\/metadell.com\/ca\/wp-json\/wp\/v2\/types\/page"}],"author":[{"embeddable":true,"href":"https:\/\/metadell.com\/ca\/wp-json\/wp\/v2\/users\/1"}],"replies":[{"embeddable":true,"href":"https:\/\/metadell.com\/ca\/wp-json\/wp\/v2\/comments?post=1818"}],"version-history":[{"count":3,"href":"https:\/\/metadell.com\/ca\/wp-json\/wp\/v2\/pages\/1818\/revisions"}],"predecessor-version":[{"id":2151,"href":"https:\/\/metadell.com\/ca\/wp-json\/wp\/v2\/pages\/1818\/revisions\/2151"}],"up":[{"embeddable":true,"href":"https:\/\/metadell.com\/ca\/wp-json\/wp\/v2\/pages\/1816"}],"wp:attachment":[{"href":"https:\/\/metadell.com\/ca\/wp-json\/wp\/v2\/media?parent=1818"}],"curies":[{"name":"wp","href":"https:\/\/api.w.org\/{rel}","templated":true}]}}