{"id":1820,"date":"2015-06-16T09:43:05","date_gmt":"2015-06-16T07:43:05","guid":{"rendered":"http:\/\/metadell.com\/ca\/?page_id=1820"},"modified":"2015-07-08T13:14:48","modified_gmt":"2015-07-08T11:14:48","slug":"consultoria","status":"publish","type":"page","link":"https:\/\/metadell.com\/ca\/serveis\/consultoria\/","title":{"rendered":"Consultoria"},"content":{"rendered":"<section class=\"light-wrapper dark-bg vc_row wpb_row vc_row-fluid \"><div class=\"container\"><div class=\"row\">\n\t<div class=\"col-md-12 wpb_column vc_column_container \">\n\t\t<div class=\"wpb_wrapper\">\n\t\t\t<div class=\"text-block\"><div class=\"detail-line\"><\/div><h5>Serveis<\/h5><h4>Consultoria<\/h4><\/div>\n\t\t<\/div> \n\t<\/div> \n<\/div><\/div><\/section><section class=\"light-wrapper  vc_row wpb_row vc_row-fluid \"><div class=\"container\"><div class=\"row\">\n\t<div class=\"col-md-8 wpb_column vc_column_container \">\n\t\t<div class=\"wpb_wrapper\">\n\t\t\t\n\t<div class=\"wpb_text_column wpb_content_element \">\n\t\t<div class=\"wpb_wrapper\">\n\t\t\t<h5>Serveis de Consultoria<\/h5>\n<p>A Ind\u00fastries Metadell, taller de mecanitzats especials i s\u00e8ries curtes, oferim els nostres serveis no nom\u00e9s amb un producte final de qualitat, sin\u00f3 que tamb\u00e9 oferim serveis de consultoria, on respondrem qualsevol consulta pel que respecta a la pe\u00e7a que s&#8217;ha de mecanitzar.<\/p>\n<p>Aquest proc\u00e9s de consultoria inclou des de la millora en els processos de fabricaci\u00f3 per a la reducci\u00f3 de costos, com apunts en els mateixos pl\u00e0nols i canvis de material segons la necessitat espec\u00edfica, entre molts d&#8217;altres.<\/p>\n\n\t\t<\/div> \n\t<\/div> <div class=\"vc_message_box vc_message_box-standard vc_message_box-rounded vc_color-info\">\n\t<div class=\"vc_message_box-icon\"><i class=\"fa fa-info-circle\"><\/i>\n\t<\/div><p>Aquest servei de consultoria es gratu\u00eft per als nostres clients!<\/p>\n<\/div>\n\t<div class=\"wpb_text_column wpb_content_element \">\n\t\t<div class=\"wpb_wrapper\">\n\t\t\t<h5>Software<\/h5>\n<p>Treballem amb els programes de dibuix en 3D que el nostre client utilitzi, sense cap tipus de restricci\u00f3. Aix\u00f2 ens permet adaptabilitat, flexibilitat i personalitzaci\u00f3 per a cada un dels nostres clients.<\/p>\n<p>Sempre estem al dia en formaci\u00f3 de la programaci\u00f3 de maquin\u00e0ria i dibuix.<\/p>\n\n\t\t<\/div> \n\t<\/div> <div class=\"vc_separator wpb_content_element vc_sep_width_100 vc_sep_pos_align_center vc_separator_no_text vc_sep_color_grey\">\n\t<span class=\"vc_sep_holder vc_sep_holder_l\"><span class=\"vc_sep_line\"><\/span><\/span>\n\t\t<span class=\"vc_sep_holder vc_sep_holder_r\"><span class=\"vc_sep_line\"><\/span><\/span>\n<\/div>\n\n\n\t<div class=\"wpb_text_column wpb_content_element \">\n\t\t<div class=\"wpb_wrapper\">\n\t\t\t<h3 style=\"text-align: left;\">Envi\u00ef&#8217;ns la seva consulta \u00a0 \u00a0 \u00a0 \u00a0 \u00a0 \u00a0 \u00a0 \u00a0 \u00a0 \u00a0 \u00a0\u00a0\u00a0\u00a0\u00a0\u00a0\u00a0 937 31 77 95<\/h3>\n\n\t\t<\/div> \n\t<\/div> \n<div class=\"wpcf7 no-js\" id=\"wpcf7-f1833-o1\" lang=\"es-ES\" dir=\"ltr\">\n<div class=\"screen-reader-response\"><p role=\"status\" aria-live=\"polite\" aria-atomic=\"true\"><\/p> <ul><\/ul><\/div>\n<form action=\"\/ca\/wp-json\/wp\/v2\/pages\/1820#wpcf7-f1833-o1\" method=\"post\" class=\"wpcf7-form init\" aria-label=\"Formulario de contacto\" novalidate=\"novalidate\" data-status=\"init\">\n<div style=\"display: none;\">\n<input type=\"hidden\" name=\"_wpcf7\" value=\"1833\" \/>\n<input type=\"hidden\" name=\"_wpcf7_version\" value=\"5.7.7\" \/>\n<input type=\"hidden\" name=\"_wpcf7_locale\" value=\"es_ES\" \/>\n<input type=\"hidden\" name=\"_wpcf7_unit_tag\" value=\"wpcf7-f1833-o1\" \/>\n<input type=\"hidden\" name=\"_wpcf7_container_post\" value=\"0\" \/>\n<input type=\"hidden\" name=\"_wpcf7_posted_data_hash\" value=\"\" \/>\n<\/div>\n<p>Nom (requerit)\n<\/p>\n<p><span class=\"wpcf7-form-control-wrap\" data-name=\"your-name\"><input size=\"40\" class=\"wpcf7-form-control wpcf7-text wpcf7-validates-as-required\" aria-required=\"true\" aria-invalid=\"false\" value=\"\" type=\"text\" name=\"your-name\" \/><\/span>\n<\/p>\n<p>E-mail (requerit)\n<\/p>\n<p><span class=\"wpcf7-form-control-wrap\" data-name=\"your-email\"><input size=\"40\" class=\"wpcf7-form-control wpcf7-text wpcf7-email wpcf7-validates-as-required wpcf7-validates-as-email\" aria-required=\"true\" aria-invalid=\"false\" value=\"\" type=\"email\" name=\"your-email\" \/><\/span>\n<\/p>\n<p>Assumpte\n<\/p>\n<p><span class=\"wpcf7-form-control-wrap\" data-name=\"your-subject\"><input size=\"40\" class=\"wpcf7-form-control wpcf7-text\" aria-invalid=\"false\" value=\"\" type=\"text\" name=\"your-subject\" \/><\/span>\n<\/p>\n<p>Missatge\n<\/p>\n<p><span class=\"wpcf7-form-control-wrap\" data-name=\"your-message\"><textarea cols=\"40\" rows=\"10\" class=\"wpcf7-form-control wpcf7-textarea\" aria-invalid=\"false\" name=\"your-message\"><\/textarea><\/span>\n<\/p>\n<p><input class=\"wpcf7-form-control has-spinner wpcf7-submit\" type=\"submit\" value=\"Enviar\" \/>\n<\/p><div class=\"wpcf7-response-output\" aria-hidden=\"true\"><\/div>\n<\/form>\n<\/div>\n\n\t\t<\/div> \n\t<\/div> \n\n\t<div class=\"col-md-4 wpb_column vc_column_container \">\n\t\t<div class=\"wpb_wrapper\">\n\t\t\t\n\t<div class=\"wpb_single_image wpb_content_element vc_align_left\">\n\t\t<div class=\"wpb_wrapper\">\n\t\t\t\n\t\t\t<div class=\"vc_single_image-wrapper   vc_box_border_grey\"><img width=\"300\" height=\"156\" src=\"https:\/\/metadell.com\/wp-content\/uploads\/2015\/04\/ctr2--300x156.jpg\" class=\"vc_single_image-img attachment-medium\" alt=\"\" loading=\"lazy\" srcset=\"https:\/\/metadell.com\/wp-content\/uploads\/2015\/04\/ctr2--300x156.jpg 300w, https:\/\/metadell.com\/wp-content\/uploads\/2015\/04\/ctr2--600x312.jpg 600w, https:\/\/metadell.com\/wp-content\/uploads\/2015\/04\/ctr2--1024x533.jpg 1024w, https:\/\/metadell.com\/wp-content\/uploads\/2015\/04\/ctr2-.jpg 1700w\" sizes=\"(max-width: 300px) 100vw, 300px\" \/><\/div>\n\t\t<\/div> \n\t<\/div> \n\t<div class=\"wpb_single_image wpb_content_element vc_align_left\">\n\t\t<div class=\"wpb_wrapper\">\n\t\t\t\n\t\t\t<div class=\"vc_single_image-wrapper   vc_box_border_grey\"><img width=\"300\" height=\"200\" src=\"https:\/\/metadell.com\/wp-content\/uploads\/2015\/04\/mecanizctr--300x200.jpg\" class=\"vc_single_image-img attachment-medium\" alt=\"\" loading=\"lazy\" srcset=\"https:\/\/metadell.com\/wp-content\/uploads\/2015\/04\/mecanizctr--300x200.jpg 300w, https:\/\/metadell.com\/wp-content\/uploads\/2015\/04\/mecanizctr--440x295.jpg 440w, https:\/\/metadell.com\/wp-content\/uploads\/2015\/04\/mecanizctr--600x400.jpg 600w, https:\/\/metadell.com\/wp-content\/uploads\/2015\/04\/mecanizctr--1024x683.jpg 1024w, https:\/\/metadell.com\/wp-content\/uploads\/2015\/04\/mecanizctr-.jpg 1950w\" sizes=\"(max-width: 300px) 100vw, 300px\" \/><\/div>\n\t\t<\/div> \n\t<\/div> \n\t\t<\/div> \n\t<\/div> \n<\/div><\/div><\/section>\n","protected":false},"excerpt":{"rendered":"ServeisConsultoria Serveis de Consultoria A Ind\u00fastries Metadell, taller de mecanitzats especials i s\u00e8ries curtes, oferim els nostres serveis no nom\u00e9s amb...","protected":false},"author":1,"featured_media":0,"parent":1816,"menu_order":0,"comment_status":"open","ping_status":"open","template":"","meta":[],"_links":{"self":[{"href":"https:\/\/metadell.com\/ca\/wp-json\/wp\/v2\/pages\/1820"}],"collection":[{"href":"https:\/\/metadell.com\/ca\/wp-json\/wp\/v2\/pages"}],"about":[{"href":"https:\/\/metadell.com\/ca\/wp-json\/wp\/v2\/types\/page"}],"author":[{"embeddable":true,"href":"https:\/\/metadell.com\/ca\/wp-json\/wp\/v2\/users\/1"}],"replies":[{"embeddable":true,"href":"https:\/\/metadell.com\/ca\/wp-json\/wp\/v2\/comments?post=1820"}],"version-history":[{"count":3,"href":"https:\/\/metadell.com\/ca\/wp-json\/wp\/v2\/pages\/1820\/revisions"}],"predecessor-version":[{"id":1844,"href":"https:\/\/metadell.com\/ca\/wp-json\/wp\/v2\/pages\/1820\/revisions\/1844"}],"up":[{"embeddable":true,"href":"https:\/\/metadell.com\/ca\/wp-json\/wp\/v2\/pages\/1816"}],"wp:attachment":[{"href":"https:\/\/metadell.com\/ca\/wp-json\/wp\/v2\/media?parent=1820"}],"curies":[{"name":"wp","href":"https:\/\/api.w.org\/{rel}","templated":true}]}}