{"id":1823,"date":"2015-06-16T09:47:17","date_gmt":"2015-06-16T07:47:17","guid":{"rendered":"http:\/\/metadell.com\/ca\/?page_id=1823"},"modified":"2020-06-01T09:09:23","modified_gmt":"2020-06-01T07:09:23","slug":"avis-legal","status":"publish","type":"page","link":"https:\/\/metadell.com\/ca\/avis-legal\/","title":{"rendered":"Av\u00eds legal"},"content":{"rendered":"<ol>\n<li><strong>OBJECTE<\/strong><\/li>\n<\/ol>\n<p>El present av\u00eds legal regula l&#8217;\u00fas i utilitzaci\u00f3 del lloc web http:\/\/metadell.com\/ del que \u00e9s titular IND\u00daSTRIES METADELL, S.L. (d&#8217;ara endavant, EL PROPIETARI DE LA WEB).<\/p>\n<p>La navegaci\u00f3 pel lloc web del PROPIETARI DE LA WEB li atribueix la condici\u00f3 d&#8217;USUARI del mateix i comporta la seva acceptaci\u00f3 plena i sense reserves de totes i cadascuna de les condicions publicades en aquest av\u00eds legal, advertint que aquestes condicions podran ser modificades sense notificaci\u00f3 pr\u00e8via per part del PROPIETARI DE LA WEB, en aquest cas es procedir\u00e0 a la seva publicaci\u00f3 i av\u00eds amb la m\u00e0xima antelaci\u00f3 possible.<\/p>\n<p>Per aix\u00f2 \u00e9s recomanable llegir atentament el seu contingut en cas de desitjar accedir i fer \u00fas de la informaci\u00f3 i dels serveis oferts des d&#8217;aquest lloc web.<\/p>\n<p>L&#8217;usuari, a m\u00e9s, s&#8217;obliga a fer un \u00fas correcte del lloc web de conformitat amb les lleis, la bona fe, l&#8217;ordre p\u00fablic, els usos del tr\u00e0fic i el present Av\u00eds Legal, i respondr\u00e0 enfront del PROPIETARI DE LA WEB o enfront de tercers, de qualsevol danys i perjudicis que poguessin causar-se com a conseq\u00fc\u00e8ncia de l&#8217;incompliment d&#8217;aquesta obligaci\u00f3.<\/p>\n<p>Qualsevol utilitzaci\u00f3 diferent a l&#8217;autoritzada est\u00e0 expressament prohibida, podent EL PROPIETARI DE LA WEB denegar o retirar l&#8217;acc\u00e9s i el seu \u00fas en qualsevol moment.<\/p>\n<ol start=\"2\">\n<li><strong> IDENTIFICACI\u00d3<\/strong><\/li>\n<\/ol>\n<p><strong>\u00a0<\/strong>EL PROPIETARI DE LA WEB, en compliment de la Llei 34\/2002, d&#8217;11 de juliol, de Serveis de la Societat de la Informaci\u00f3 i de Comer\u00e7 Electr\u00f2nic, li informa que:<\/p>\n<ul>\n<li>La seva denominaci\u00f3 social \u00e9s: IND\u00daSTRIES METADELL, S.L.<\/li>\n<li>El seu CIF \u00e9s: B60487691<\/li>\n<li>El seu domicili social est\u00e0 en: C\/ GEMINIS, 68 &#8211; 08228 &#8211; TERRASSA \u2013 BARCELONA<\/li>\n<li>Inscrita en el Registre Mercantil de Barcelona, al tom 26943, foli 26, fulla B-110642.<\/li>\n<\/ul>\n<ol start=\"3\">\n<li><strong> COMUNICACIONS<\/strong><\/li>\n<\/ol>\n<p>Per comunicar-se amb nosaltres, posem a la seva disposici\u00f3 diferents mitjans de contacte que detallem a continuaci\u00f3:<\/p>\n<ul>\n<li>Tel.: 937317795<\/li>\n<li>E-mail: metadell@metadell.com<\/li>\n<\/ul>\n<p>Totes les notificacions i comunicacions entre els usuaris i PROPIETARI DE LA WEB es consideraran efica\u00e7os, amb car\u00e0cter general, quan es realitzin a trav\u00e9s de qualsevol mitj\u00e0 dels detallats anteriorment.<\/p>\n<ol start=\"4\">\n<li><strong> CONDICIONS D\u2019ACC\u00c9S I UTILITZACI\u00d3<\/strong><\/li>\n<\/ol>\n<p>El lloc web i els seus serveis s\u00f3n d&#8217;acc\u00e9s lliure i gratu\u00eft. No obstant aix\u00f2, el PROPIETARI DE LA WEB pot condicionar la utilitzaci\u00f3 d&#8217;alguns dels serveis oferts al seu web al previ emplenament del corresponent formulari.<\/p>\n<p>L&#8217;usuari garanteix l&#8217;autenticitat i actualitat de totes aquelles dades que comuniqui al PROPIETARI DE LA WEB i ser\u00e0 l&#8217;\u00fanic responsable de les manifestacions falses o inexactes que realitzi.<\/p>\n<p>L&#8217;usuari es compromet expressament a fer un \u00fas adequat dels continguts i serveis del PROPIETARI DE LA WEB i a no emprar-los per, entre uns altres:<\/p>\n<p>a) Difondre continguts delictius, violents, pornogr\u00e0fics, racistes, xen\u00f2fobs, ofensius, d&#8217;apologia del terrorisme o, en general, contraris a la llei o a l&#8217;ordre p\u00fablic.<\/p>\n<p>b) Introduir a la xarxa virus inform\u00e0tics o realitzar actuacions susceptibles d&#8217;alterar, espatllar, interrompre o generar errors o danys en els documents electr\u00f2nics, dades o sistemes f\u00edsics i l\u00f2gics de PROPIETARI DE LA WEB o de terceres persones; aix\u00ed com obstaculitzar l&#8217;acc\u00e9s d&#8217;altres usuaris al lloc web i als seus serveis mitjan\u00e7ant el consum massiu dels recursos inform\u00e0tics a trav\u00e9s dels quals PROPIETARI DE LA WEB presta els seus serveis.<\/p>\n<p>c) Intentar accedir als comptes de correu electr\u00f2nic d&#8217;altres usuaris o a \u00e0rees restringides dels sistemes inform\u00e0tics de PROPIETARI DE LA WEB o de tercers i, si escau, extreure informaci\u00f3.<\/p>\n<p>d) Vulnerar els drets de propietat intel\u00b7lectual o industrial, aix\u00ed com violar la confidencialitat de la informaci\u00f3 de PROPIETARI DE LA WEB o de tercers.<\/p>\n<p>i) Suplantar la identitat de qualsevol altre usuari.<\/p>\n<p>f) Reproduir, copiar, distribuir, posar a la disposici\u00f3 de, o qualsevol altra forma de comunicaci\u00f3 p\u00fablica, transformar o modificar els continguts, tret que es compti amb l&#8217;autoritzaci\u00f3 del titular dels corresponents drets o aix\u00f2 resulti legalment perm\u00e8s.<\/p>\n<p>g) Recaptar dades amb finalitat publicit\u00e0ria i de remetre publicitat de qualsevol classe i comunicacions amb finalitats de venda o unes altres de naturalesa comercial sense que intervinguila seva pr\u00e8via sol\u00b7licitud o consentiment.<\/p>\n<p>Tots els continguts del lloc web, com a textos, fotografies, gr\u00e0fics, imatges, icones, tecnologia, programari, aix\u00ed com el seu disseny gr\u00e0fic i codis font, constitueixen una obra la propietat de la qual pertany a PROPIETARI DE LA WEB, sense que puguin entendre&#8217;s cedits a l&#8217;usuari cap dels drets d&#8217;explotaci\u00f3 sobre els mateixos m\u00e9s enll\u00e0 de l&#8217;estrictament necessari per al correcte \u00fas de la web.<\/p>\n<p>En definitiva, els usuaris que accedeixin a aquest lloc web poden visualitzar els continguts i efectuar, si escau, c\u00f2pies privades autoritzades sempre que els elements reprodu\u00efts no siguin cedits posteriorment a tercers, ni s&#8217;instal\u00b7lin a servidors connectats a xarxes, ni siguin objecte de cap tipus d&#8217;explotaci\u00f3.<\/p>\n<p>Aix\u00ed mateix, totes les marques, noms comercials o signes distintius de qualsevol classe que apareixen en el lloc web s\u00f3n propietat de PROPIETARI DE LA WEB, sense que pugui entendre&#8217;s que l&#8217;\u00fas o acc\u00e9s al mateix atribueixi a l&#8217;usuari dret algun sobre els mateixos.<\/p>\n<p>La distribuci\u00f3, modificaci\u00f3, cessi\u00f3 o comunicaci\u00f3 p\u00fablica dels continguts i qualsevol altre acte que no hagi estat expressament autoritzat pel titular dels drets d&#8217;explotaci\u00f3 queden prohibits.<\/p>\n<p>L&#8217;establiment d&#8217;un hipervincle no implica en cap cas l&#8217;exist\u00e8ncia de relacions entre PROPIETARI DE LA WEB i el propietari del lloc web en la qual s&#8217;estableixi, ni l&#8217;acceptaci\u00f3 i aprovaci\u00f3 per part de PROPIETARI DE LA WEB dels seus continguts o serveis.<\/p>\n<p>PROPIETARI DE LA WEB no es responsabilitza de l&#8217;\u00fas que cada usuari li doni als materials posats a disposici\u00f3 en aquest lloc web ni de les actuacions que realitzi sobre la base dels mateixos.<\/p>\n<p><strong><em>4.1. EXCLUSI\u00d3 DE GARANTIES I DE RESPONSABILITAT EN L\u2019ACC\u00c9S I LA UTILITZACI\u00d3<\/em><\/strong><\/p>\n<p>El contingut del present lloc web \u00e9s de car\u00e0cter general i t\u00e9 una finalitat merament informativa, sense que es garanteixi plenament l&#8217;acc\u00e9s a tots els continguts, ni la seva exhaustivitat, correcci\u00f3, vig\u00e8ncia o actualitat, ni la seva idone\u00eftat o utilitat per a un objectiu espec\u00edfic.<\/p>\n<p>PROPIETARI DE LA WEB exclou, fins a on permet l&#8217;ordenament jur\u00eddic, qualsevol responsabilitat pels danys i perjudicis de tota naturalesa derivats de:<\/p>\n<p>a) La impossibilitat d&#8217;acc\u00e9s al lloc web o la falta de veracitat, exactitud, exhaustivitat i\/o actualitat dels continguts, aix\u00ed com l&#8217;exist\u00e8ncia de vicis i defectes de tota classe dels continguts transmesos, difosos, emmagatzemats, posats a disposici\u00f3, als quals s&#8217;hagi accedit a trav\u00e9s del lloc web o dels serveis que s&#8217;ofereixen.<\/p>\n<p>b) La pres\u00e8ncia de virus o d&#8217;altres elements en els continguts que puguin produir alteracions en els sistemes inform\u00e0tics, documents electr\u00f2nics o dades dels usuaris.<\/p>\n<p>c) L&#8217;incompliment de les lleis, la bona fe, l&#8217;ordre p\u00fablic, els usos del tr\u00e0fic<\/p>\n<p>i el present av\u00eds legal com a conseq\u00fc\u00e8ncia de l&#8217;\u00fas incorrecte del lloc web. En particular, i a manera d\u2019exemple, PROPIETARI DE LA WEB no es fa responsable de les actuacions de tercers que vulnerin drets de propietat intel\u00b7lectual i industrial, secrets empresarials, drets a l&#8217;honor, a la intimitat personal i familiar i a la pr\u00f2pia imatge, aix\u00ed com la normativa en mat\u00e8ria de compet\u00e8ncia deslleial i publicitat il\u00b7l\u00edcita.<\/p>\n<p>Aix\u00ed mateix, PROPIETARI DE LA WEB declina qualsevol responsabilitat respecte a la informaci\u00f3 que es trobi fos d&#8217;aquesta web i no sigui gestionada directament pel nostre webmaster. La funci\u00f3 dels links que apareixen en aquesta web \u00e9s exclusivament la d&#8217;informar a l&#8217;usuari sobre l&#8217;exist\u00e8ncia d&#8217;altres fonts susceptibles d&#8217;ampliar els continguts que ofereix aquest lloc web. PROPIETARI DE LA WEB no garanteix ni es responsabilitza del funcionament o accessibilitat dels llocs enlla\u00e7ats; ni suggereix, convida o recomana la visita als mateixos, per la qual cosa tampoc ser\u00e0 responsable del resultat obtingut. PROPIETARI DE LA WEB no es responsabilitza de l&#8217;establiment de hiperv\u00edncles per part de tercers.<\/p>\n<p><strong><em>4.2. PROCEDIMENT EN CAS DE REALIZACI\u00d3 DE <\/em><\/strong><strong><em>ACTIVITATS DE CAR\u00c1CTER IL\u00b7L\u00cdCITS<\/em><\/strong><\/p>\n<p><strong><em>\u00a0<\/em><\/strong>En el cas que qualsevol usuari o un tercer consideri que existeixen fets o circumst\u00e0ncies que revelin el car\u00e0cter il\u00b7l\u00edcit de la utilitzaci\u00f3 de qualsevol contingut i\/o de la realitzaci\u00f3 de qualsevol activitat a les p\u00e0gines web incloses o accessibles a trav\u00e9s del lloc web, haur\u00e0 d&#8217;enviar una notificaci\u00f3 a PROPIETARI DE LA WEB identificant-se degudament i especificant les suposades infraccions.<\/p>\n<p><strong><em>4.3. PUBLICACIONS<\/em><\/strong><\/p>\n<p><strong><em>\u00a0<\/em><\/strong>La informaci\u00f3 administrativa facilitada a trav\u00e9s del lloc web no substitueix la publicitat legal de les lleis, normatives, plans, disposicions generals i actes que hagin de ser publicats formalment als diaris oficials de les administracions p\u00fabliques, que constitueixen l&#8217;\u00fanic instrument que d\u00f3na fe de la seva autenticitat i contingut. La informaci\u00f3 disponible en aquest lloc web ha d&#8217;entendre&#8217;s com una guia sense prop\u00f2sit de validesa legal.<\/p>\n<ol start=\"5\">\n<li><strong> LEGISLACI\u00d3 APLICABLE<\/strong><\/li>\n<\/ol>\n<p>Les condicions presents es regiran per la legislaci\u00f3 espanyola vigent.<\/p>\n","protected":false},"excerpt":{"rendered":"<p>OBJECTE El present av\u00eds legal regula l&#8217;\u00fas i utilitzaci\u00f3 del lloc web http:\/\/metadell.com\/ del que \u00e9s titular IND\u00daSTRIES METADELL, S.L. (d&#8217;ara&#8230;<\/p>\n","protected":false},"author":1,"featured_media":0,"parent":0,"menu_order":0,"comment_status":"closed","ping_status":"open","template":"","meta":[],"_links":{"self":[{"href":"https:\/\/metadell.com\/ca\/wp-json\/wp\/v2\/pages\/1823"}],"collection":[{"href":"https:\/\/metadell.com\/ca\/wp-json\/wp\/v2\/pages"}],"about":[{"href":"https:\/\/metadell.com\/ca\/wp-json\/wp\/v2\/types\/page"}],"author":[{"embeddable":true,"href":"https:\/\/metadell.com\/ca\/wp-json\/wp\/v2\/users\/1"}],"replies":[{"embeddable":true,"href":"https:\/\/metadell.com\/ca\/wp-json\/wp\/v2\/comments?post=1823"}],"version-history":[{"count":3,"href":"https:\/\/metadell.com\/ca\/wp-json\/wp\/v2\/pages\/1823\/revisions"}],"predecessor-version":[{"id":2246,"href":"https:\/\/metadell.com\/ca\/wp-json\/wp\/v2\/pages\/1823\/revisions\/2246"}],"wp:attachment":[{"href":"https:\/\/metadell.com\/ca\/wp-json\/wp\/v2\/media?parent=1823"}],"curies":[{"name":"wp","href":"https:\/\/api.w.org\/{rel}","templated":true}]}}