{"id":1825,"date":"2015-06-16T10:00:15","date_gmt":"2015-06-16T08:00:15","guid":{"rendered":"http:\/\/metadell.com\/ca\/?page_id=1825"},"modified":"2015-07-08T13:21:08","modified_gmt":"2015-07-08T11:21:08","slug":"blog-noticies","status":"publish","type":"page","link":"https:\/\/metadell.com\/ca\/blog-noticies\/","title":{"rendered":"Blog &#8211; not\u00edcies"},"content":{"rendered":"<section class=\"light-wrapper full vc_row wpb_row vc_row-fluid no-pad\">\n\t<div class=\"col-md-12 wpb_column vc_column_container \">\n\t\t<div class=\"wpb_wrapper\">\n\t\t\t<section class=\"hero-slider centered-text-slider parallax short-header\"><ul class=\"slides\"><li class=\"overlay no\"><div class=\"background-image-holder\"><img width=\"1500\" height=\"999\" src=\"https:\/\/metadell.com\/wp-content\/uploads\/2015\/04\/principal11.jpg\" class=\"background-image\" alt=\"\" loading=\"lazy\" srcset=\"https:\/\/metadell.com\/wp-content\/uploads\/2015\/04\/principal11.jpg 1500w, https:\/\/metadell.com\/wp-content\/uploads\/2015\/04\/principal11-600x400.jpg 600w, https:\/\/metadell.com\/wp-content\/uploads\/2015\/04\/principal11-300x200.jpg 300w, https:\/\/metadell.com\/wp-content\/uploads\/2015\/04\/principal11-1024x682.jpg 1024w\" sizes=\"(max-width: 1500px) 100vw, 1500px\" \/><\/div><div class=\"container vertical-align\"><div class=\"row\"><div class=\"col-sm-12 text-center ebor-slider-content\"><\/p>\n<h1 style=\"text-align: center;\">Blog<\/h1>\n<p>\n<\/div><\/div><\/div><\/li><\/ul><\/section>\n\t\t<\/div> \n\t<\/div> \n<\/section><section class=\"light-wrapper dark-wrapper vc_row wpb_row vc_row-fluid \"><div class=\"container\"><div class=\"row\">\n\t<div class=\"col-md-12 wpb_column vc_column_container \">\n\t\t<div class=\"wpb_wrapper\">\n\t\t\t<div class=\"text-block\"><div class=\"detail-line\"><\/div><h5>Not\u00edcies i Novetats<\/h5><h4>\u00daltimes not\u00edcies del sector<\/h4><\/div>\t\n\t\t\t\n\t\t<div class=\"blog-snippets-1\">\n\t\t\n\t\t\t<div class=\"row\">\n\t\t\t\n\t\t\t\t<div class=\"col-md-9\">\n\t\t\t\t\t<div class=\"row\">\n\t\t\t\t\t\t\n<div id=\"post-1831\" class=\"col-sm-6 post-1831 post type-post status-publish format-standard hentry category-collaboracions\">\n\t<div class=\"blog-snippet-1 \">\n\t\t\n\t\t\n\t\t<span class=\"date alt-font uppercase\">juny 16, 2015<\/span>\n\t\t\n\t\t<h5>Patrocinadors UPC ecoRacing<\/h5><p>Metadell col\u00b7labora amb ecoRacing el primer f\u00f3rmula de competici\u00f3 h\u00edbrid d&#8217;Estat i el projecte universitari m\u00e9s exit\u00f3s de la seva categoria&#8230;<\/p>\n\t\t\n\t\t<a class=\"text-link\" href=\"https:\/\/metadell.com\/ca\/patrocinadors-upc-ecoracing\/\">\n\t\t\tRead More\t\t<\/a>\n\t\t\n\t<\/div>\n<\/div>\t\n\t\t\t\t\t<\/div>\n\t\t\t\t<\/div>\n\t\t\t\n\t\t\t\t<div class=\"col-md-3 col-sm-9\">\n\t<div class=\"sidebar\">\n\t\t<div id=\"search-2\" class=\"sidebox widget widget_search\"><h4 class=\"widget-title section-title minimal-caps font4 black\">Cercar<\/h4><div class=\"inner-spacer color-bg\"><\/div><div class=\"search-bar\">\n\t<form class=\"search\" method=\"get\" id=\"searchform\" action=\"https:\/\/metadell.com\/ca\/\">\n\t\t<input type=\"text\" id=\"s2\" name=\"s\" placeholder=\"\" \/>\n\t\t<input type=\"submit\" value=\"\" \/>\n\t\t<i class=\"pe-7s-search\"><\/i>\n\t<\/form>\n<\/div><\/div>\n\t\t<div id=\"recent-posts-2\" class=\"sidebox widget widget_recent_entries\">\n\t\t<h4 class=\"widget-title section-title minimal-caps font4 black\">\u00daltimes not\u00edcies<\/h4><div class=\"inner-spacer color-bg\"><\/div>\n\t\t<ul>\n\t\t\t\t\t\t\t\t\t\t\t<li>\n\t\t\t\t\t<a href=\"https:\/\/metadell.com\/ca\/patrocinadors-upc-ecoracing\/\">Patrocinadors UPC ecoRacing<\/a>\n\t\t\t\t\t\t\t\t\t<\/li>\n\t\t\t\t\t<\/ul>\n\n\t\t<\/div><div id=\"archives-2\" class=\"sidebox widget widget_archive\"><h4 class=\"widget-title section-title minimal-caps font4 black\">Arxius<\/h4><div class=\"inner-spacer color-bg\"><\/div>\n\t\t\t<ul>\n\t\t\t\t\t<li><a href='https:\/\/metadell.com\/ca\/2015\/06\/'>juny 2015<\/a><\/li>\n\t\t\t<\/ul>\n\n\t\t\t<\/div><div id=\"categories-2\" class=\"sidebox widget widget_categories\"><h4 class=\"widget-title section-title minimal-caps font4 black\">Categories<\/h4><div class=\"inner-spacer color-bg\"><\/div>\n\t\t\t<ul>\n\t\t\t\t\t<li class=\"cat-item cat-item-35\"><a href=\"https:\/\/metadell.com\/ca\/category\/col%c2%b7laboracions\/\">Col\u00b7laboracions<\/a>\n<\/li>\n\t\t\t<\/ul>\n\n\t\t\t<\/div>\t<\/div>\n<\/div>\t\t\t\n\t\t\t<\/div><!--end of row-->\n\t\t\t\n\t\t\t\t\t\t\n\t\t<\/div>\t\n\t\t\n\t\t\t\t\n\n\t\t<\/div> \n\t<\/div> \n<\/div><\/div><\/section>\n","protected":false},"excerpt":{"rendered":"Metadell col\u00b7labora amb ecoRacing el primer f\u00f3rmula de competici\u00f3 h\u00edbrid d'Estat i el projecte universitari m\u00e9s exit\u00f3s de la seva categoria...","protected":false},"author":1,"featured_media":0,"parent":0,"menu_order":0,"comment_status":"open","ping_status":"closed","template":"","meta":[],"_links":{"self":[{"href":"https:\/\/metadell.com\/ca\/wp-json\/wp\/v2\/pages\/1825"}],"collection":[{"href":"https:\/\/metadell.com\/ca\/wp-json\/wp\/v2\/pages"}],"about":[{"href":"https:\/\/metadell.com\/ca\/wp-json\/wp\/v2\/types\/page"}],"author":[{"embeddable":true,"href":"https:\/\/metadell.com\/ca\/wp-json\/wp\/v2\/users\/1"}],"replies":[{"embeddable":true,"href":"https:\/\/metadell.com\/ca\/wp-json\/wp\/v2\/comments?post=1825"}],"version-history":[{"count":3,"href":"https:\/\/metadell.com\/ca\/wp-json\/wp\/v2\/pages\/1825\/revisions"}],"predecessor-version":[{"id":1828,"href":"https:\/\/metadell.com\/ca\/wp-json\/wp\/v2\/pages\/1825\/revisions\/1828"}],"wp:attachment":[{"href":"https:\/\/metadell.com\/ca\/wp-json\/wp\/v2\/media?parent=1825"}],"curies":[{"name":"wp","href":"https:\/\/api.w.org\/{rel}","templated":true}]}}