{"id":2337,"date":"2021-10-14T10:07:03","date_gmt":"2021-10-14T08:07:03","guid":{"rendered":"https:\/\/metadell.com\/?page_id=2337"},"modified":"2021-10-14T10:07:17","modified_gmt":"2021-10-14T08:07:17","slug":"gravat","status":"publish","type":"page","link":"https:\/\/metadell.com\/ca\/gravat\/","title":{"rendered":"Gravat"},"content":{"rendered":"\n<section class=\"light-wrapper dark-bg vc_row wpb_row vc_row-fluid \"><div class=\"container\"><div class=\"row\">\n\t<div class=\"col-md-12 wpb_column vc_column_container \">\n\t\t<div class=\"wpb_wrapper\">\n\t\t\t<div class=\"text-block\"><div class=\"detail-line\"><\/div><h5>Productos<\/h5><h4>Grabado l\u00e1ser<\/h4><\/div>\n\t\t<\/div> \n\t<\/div> \n<\/div><\/div><\/section><section class=\"light-wrapper  vc_row wpb_row vc_row-fluid \"><div class=\"container\"><div class=\"row\">\n\t<div class=\"col-md-6 wpb_column vc_column_container \">\n\t\t<div class=\"wpb_wrapper\">\n\t\t\t<div class=\"vc_custom_heading\" ><h2 style=\"text-align: left;font-family:Montserrat;font-weight:400;font-style:normal\" >Gravat l\u00e0ser<\/h2><\/div>\n\t<div class=\"wpb_text_column wpb_content_element \">\n\t\t<div class=\"wpb_wrapper\">\n\t\t\t<p>Permet gravar a l\u00e0ser qualsevol tipus de material. Gravat l\u00e0ser en alumini, gravat l\u00e0ser en acer, gravat l\u00e0ser en acer inoxidable, gravat l\u00e0ser en pl\u00e0stic, gravat l\u00e0ser en fusta, entre altres.<\/p>\n\n\t\t<\/div> \n\t<\/div> <div class=\"vc_separator wpb_content_element vc_sep_width_100 vc_sep_pos_align_center vc_separator_no_text vc_sep_color_grey\">\n\t<span class=\"vc_sep_holder vc_sep_holder_l\"><span class=\"vc_sep_line\"><\/span><\/span>\n\t\t<span class=\"vc_sep_holder vc_sep_holder_r\"><span class=\"vc_sep_line\"><\/span><\/span>\n<\/div>\n\n\n\t<div class=\"wpb_text_column wpb_content_element \">\n\t\t<div class=\"wpb_wrapper\">\n\t\t\t<p><strong>Contacti&#8217;ns&nbsp; &nbsp; &nbsp; &nbsp; &nbsp; &nbsp; &nbsp; &nbsp; &nbsp; &nbsp; &nbsp; &nbsp; &nbsp;&nbsp;&nbsp;&nbsp;&nbsp;&nbsp;&nbsp; 937 31 77 95<\/strong><\/p>\n\n\t\t<\/div> \n\t<\/div> \n<div class=\"wpcf7 no-js\" id=\"wpcf7-f5-o1\" lang=\"es-ES\" dir=\"ltr\">\n<div class=\"screen-reader-response\"><p role=\"status\" aria-live=\"polite\" aria-atomic=\"true\"><\/p> <ul><\/ul><\/div>\n<form action=\"\/ca\/wp-json\/wp\/v2\/pages\/2337#wpcf7-f5-o1\" method=\"post\" class=\"wpcf7-form init\" aria-label=\"Formulario de contacto\" novalidate=\"novalidate\" data-status=\"init\">\n<div style=\"display: none;\">\n<input type=\"hidden\" name=\"_wpcf7\" value=\"5\" \/>\n<input type=\"hidden\" name=\"_wpcf7_version\" value=\"5.7.7\" \/>\n<input type=\"hidden\" name=\"_wpcf7_locale\" value=\"es_ES\" \/>\n<input type=\"hidden\" name=\"_wpcf7_unit_tag\" value=\"wpcf7-f5-o1\" \/>\n<input type=\"hidden\" name=\"_wpcf7_container_post\" value=\"0\" \/>\n<input type=\"hidden\" name=\"_wpcf7_posted_data_hash\" value=\"\" \/>\n<\/div>\n<p>Nombre (requerido)\n<\/p>\n<p><span class=\"wpcf7-form-control-wrap\" data-name=\"your-name\"><input size=\"40\" class=\"wpcf7-form-control wpcf7-text wpcf7-validates-as-required\" aria-required=\"true\" aria-invalid=\"false\" value=\"\" type=\"text\" name=\"your-name\" \/><\/span>\n<\/p>\n<p>E-mail (requerido)\n<\/p>\n<p><span class=\"wpcf7-form-control-wrap\" data-name=\"your-email\"><input size=\"40\" class=\"wpcf7-form-control wpcf7-text wpcf7-email wpcf7-validates-as-required wpcf7-validates-as-email\" aria-required=\"true\" aria-invalid=\"false\" value=\"\" type=\"email\" name=\"your-email\" \/><\/span>\n<\/p>\n<p>Asunto\n<\/p>\n<p><span class=\"wpcf7-form-control-wrap\" data-name=\"your-subject\"><input size=\"40\" class=\"wpcf7-form-control wpcf7-text\" aria-invalid=\"false\" value=\"\" type=\"text\" name=\"your-subject\" \/><\/span>\n<\/p>\n<p>Mensaje\n<\/p>\n<p><span class=\"wpcf7-form-control-wrap\" data-name=\"your-message\"><textarea cols=\"40\" rows=\"10\" class=\"wpcf7-form-control wpcf7-textarea\" aria-invalid=\"false\" name=\"your-message\"><\/textarea><\/span>\n<\/p>\n<p><input class=\"wpcf7-form-control has-spinner wpcf7-submit\" type=\"submit\" value=\"Enviar\" \/>\n<\/p><div class=\"wpcf7-response-output\" aria-hidden=\"true\"><\/div>\n<\/form>\n<\/div>\n\n\t<div class=\"wpb_text_column wpb_content_element \">\n\t\t<div class=\"wpb_wrapper\">\n\t\t\t<p><strong><em>Informaci\u00f3 b\u00e0sica de protecci\u00f3 de dades<\/em><\/strong><\/p>\n<p><strong>Responsable<\/strong>: Industrias METADELL S.L.<br \/><strong>Finalitat<\/strong>: Atendre i tramitar adequadament consultes i la informaci\u00f3 sol\u00b7licitada<br \/><strong>Legitimaci\u00f3: <\/strong>Consentiment \/ Inter\u00e8s leg\u00edtim<br \/><strong>Destinataris:<\/strong> No se cediran dades a tercers excepte obligaci\u00f3 legal<br \/><strong>Drets:<\/strong> Accedir, Rectificar i Suprimir dades, Dret d&#8217;Oposici\u00f3, Limitaci\u00f3 del tractament, Portabilitat<br \/>Informaci\u00f3 <br \/><strong>Informaci\u00f3 Addicional:<\/strong> Trobar\u00e0s m\u00e9s informaci\u00f3 detallada en la nostra <a href=\"https:\/\/metadell.com\/ca\/politica-de-privacitat\/\">Pol\u00edtica de Privacitat<\/a><\/p>\n\n\t\t<\/div> \n\t<\/div> \n\t\t<\/div> \n\t<\/div> \n\n\t<div class=\"col-md-6 wpb_column vc_column_container \">\n\t\t<div class=\"wpb_wrapper\">\n\t\t\t\n\t\t<\/div> \n\t<\/div> \n<\/div><\/div><\/section>\n","protected":false},"excerpt":{"rendered":"ProductosGrabado l\u00e1ser Gravat l\u00e0ser Permet gravar a l\u00e0ser qualsevol tipus de material. Gravat l\u00e0ser en alumini, gravat l\u00e0ser en acer, gravat...","protected":false},"author":1,"featured_media":0,"parent":0,"menu_order":0,"comment_status":"closed","ping_status":"closed","template":"","meta":[],"_links":{"self":[{"href":"https:\/\/metadell.com\/ca\/wp-json\/wp\/v2\/pages\/2337"}],"collection":[{"href":"https:\/\/metadell.com\/ca\/wp-json\/wp\/v2\/pages"}],"about":[{"href":"https:\/\/metadell.com\/ca\/wp-json\/wp\/v2\/types\/page"}],"author":[{"embeddable":true,"href":"https:\/\/metadell.com\/ca\/wp-json\/wp\/v2\/users\/1"}],"replies":[{"embeddable":true,"href":"https:\/\/metadell.com\/ca\/wp-json\/wp\/v2\/comments?post=2337"}],"version-history":[{"count":5,"href":"https:\/\/metadell.com\/ca\/wp-json\/wp\/v2\/pages\/2337\/revisions"}],"predecessor-version":[{"id":2357,"href":"https:\/\/metadell.com\/ca\/wp-json\/wp\/v2\/pages\/2337\/revisions\/2357"}],"wp:attachment":[{"href":"https:\/\/metadell.com\/ca\/wp-json\/wp\/v2\/media?parent=2337"}],"curies":[{"name":"wp","href":"https:\/\/api.w.org\/{rel}","templated":true}]}}