{"id":2346,"date":"2021-10-13T15:29:09","date_gmt":"2021-10-13T13:29:09","guid":{"rendered":"https:\/\/metadell.com\/?page_id=2346"},"modified":"2021-10-13T15:29:11","modified_gmt":"2021-10-13T13:29:11","slug":"politica-de-privacitat","status":"publish","type":"page","link":"https:\/\/metadell.com\/ca\/politica-de-privacitat\/","title":{"rendered":"Pol\u00edtica de privacitat"},"content":{"rendered":"<p><strong>Introducci\u00f3<br \/>\n<\/strong>&#8211; Qui \u00e9s el responsable del tractament de les seves dades personals?<br \/>\n&#8211; Amb quina finalitat tractem les seves dades?<br \/>\n&#8211; Quines dades tractem i de quina font s&#8217;obtenen?<br \/>\n&#8211; Quin \u00e9s la legitimaci\u00f3 legal per al tractament de les seves dades?<br \/>\n&#8211; Per quant temps conservarem les seves dades?<br \/>\n&#8211; Quins s\u00f3n els seus drets?<\/p>\n<hr \/>\n<p><strong>Introducci\u00f3<\/strong><\/p>\n<p>Gr\u00e0cies per visitar aquesta p\u00e0gina web. El text que vost\u00e8 t\u00e9 davant explica qu\u00e8, com i per qu\u00e8 utilitzo la seva informaci\u00f3 quan visita aquesta web, o sol\u00b7licita la prestaci\u00f3 dels nostres serveis.<\/p>\n<p>La seva privadesa \u00e9s important per a nosaltres, i mai farem \u00fas indegut de la informaci\u00f3 personal que ens confia. Li convido a llegir detingudament aquests termes abans d&#8217;utilitzar el present Lloc web, i en comunicar-se electr\u00f2nicament amb IND\u00daSTRIES METADELL, S.L.<\/p>\n<p>Aquesta Pol\u00edtica de Privadesa s&#8217;aplica a la web d&#8217;IND\u00daSTRIES METADELL, S.L (http:\/\/metadell.com\/) als serveis i productes oferts per la nostra empresa. A aquest efecte,\u00a0en les condicions que es recullen a continuaci\u00f3.<\/p>\n<p>IND\u00daSTRIES METADELL, S.L., es compromet a no cedir, vendre, ni compartir les dades amb tercers sense la seva aprovaci\u00f3 expressa o excepte obligaci\u00f3 legal, aix\u00ed com tractar-los de forma confidencial i exclusivament amb la finalitat per la qual van ser cedits.<\/p>\n<p>Aquesta Pol\u00edtica de Privadesa podr\u00e0 ser modificada en funci\u00f3 d&#8217;exig\u00e8ncies legislatives o d&#8217;autoregulaci\u00f3, per\u00f2 l&#8217;hi comunicarem a trav\u00e9s de la p\u00e0gina web o per altres mitjans perque conegui les modificacions i continuar utilitzant els nostres serveis.<\/p>\n<p>IND\u00daSTRIES METADELL, S.L., ha adequat aquesta web a les exig\u00e8ncies introdu\u00efdes en el Reglament (UE) 2016\/679 del Parlament Europeu i del Consell de 27 d&#8217;abril de 2016 relatiu a la protecci\u00f3 de les persones f\u00edsiques (RGPD), aix\u00ed com amb la Llei 34\/2002, d&#8217;11 de juliol, de Serveis de la Societat de la Informaci\u00f3 i Comer\u00e7 Electr\u00f2nic (LSSICE o LSSI).<\/p>\n<p><strong>&#8211; Qui \u00e9s el responsable del tractament de les seves dades personals?<\/strong><\/p>\n<p>El responsable de tractament de les dades personals que ens faciliti ser\u00e0 IND\u00daSTRIES METADELL, S.L., amb CIF B60487691, amb domicili en carrer Geminis, 68 -082228- Terrassa (Barcelona).<\/p>\n<p>Per a l&#8217;adequada gesti\u00f3 en el tractament de les seves dades personals, IND\u00daSTRIES METADELL, S.L. posa a la seva disposici\u00f3 el seg\u00fcent correu electr\u00f2nic metadell@metadell.com, a trav\u00e9s del qual podr\u00e0 dirigir-se per resoldre qualsevol q\u00fcesti\u00f3 que precisi sobre aquest tema, o exercir els seus drets en els termes legalment previstos.<\/p>\n<p><strong>&#8211; Amb quina finalitat tractem les seves dades?<\/strong><\/p>\n<p>IND\u00daSTRIES METADELL, S.L., pot tractar les seves dades personals per a les seg\u00fcents finalitats:<\/p>\n<ol>\n<li>Les dades de car\u00e0cter personal facilitats a trav\u00e9s dels formularis de recollida de dades del lloc web http:\/\/metadell.com amb la finalitat d&#8217;atendre i tramitar adequadament les consultes remeses i la informaci\u00f3 sol\u00b7licitada.<\/li>\n<li>Poder oferir productes i serveis d&#8217;acord amb els seus interessos, millorar la seva experi\u00e8ncia d&#8217;usuari i si escau, per al tractament de sol\u00b7licituds, peticions o comandes. No es realitzaran decisions automatitzades.<\/li>\n<\/ol>\n<p><strong>&#8211; Quines dades tractem i de quina font s&#8217;obtenen?<\/strong><\/p>\n<p>Les dades tractades provenen de:<\/p>\n<ul>\n<li>Dades facilitades pel propi interessat, a trav\u00e9s de l&#8217;emplenament dels formularis a aquest efecte habilitats o a trav\u00e9s del nostre correu electr\u00f2nic.<\/li>\n<li>Dades derivades de la prestaci\u00f3 dels nostres serveis i oferta dels nostres productes.<\/li>\n<\/ul>\n<p>La tipologia de dades tractades:<\/p>\n<ul>\n<li>Dades de caracter\u00edstiques personals: Nom, cognoms, adre\u00e7a, correu electr\u00f2nic, n\u00famero de tel\u00e8fon, etc.<\/li>\n<\/ul>\n<p><strong>&#8211; Quin \u00e9s la legitimaci\u00f3 legal per al tractament de les seves dades?<\/strong><\/p>\n<p>La base legal per al tractament de les seves dades \u00e9s: el consentiment.<\/p>\n<p>I l&#8217;inter\u00e8s leg\u00edtim del responsable del tractament.<\/p>\n<p>En cas que l&#8217;interessat retiri el seu consentiment, IND\u00daSTRIES METADELL, S.L., no podr\u00e0 tractar les seves dades.<\/p>\n<p>D&#8217;igual forma la legitimaci\u00f3 d&#8217;aquest tractament \u00e9s necessari per complir amb aquelles obligacions establertes pel Reglament (UE) 2016\/679 del Parlament Europeu, aix\u00ed com amb la Llei 34\/2002, d&#8217;11 de juliol, de Serveis de la Societat de la Informaci\u00f3 i Comer\u00e7 Electr\u00f2nic (*LSSICE o *LSSI).<\/p>\n<p>Els consentiments obtinguts per a les finalitats esmentades s\u00f3n independents pels quals l&#8217;usuari podr\u00e0 revocar nom\u00e9s un d&#8217;ells no afectant als altres.<\/p>\n<p><strong>&#8211; A qui es comuniquen les seves dades?<\/strong><\/p>\n<p>Durant el per\u00edode de tractament no es comunicaran o cediran les seves dades, excepte obligaci\u00f3 legal.<\/p>\n<p>L&#8217;empresa accedir\u00e0 a la cessi\u00f3 de les dades \u00fanicament a les autoritats en cas que l&#8217;usuari hagu\u00e9s realitzat accions contr\u00e0ries a la Llei o incomplit el contingut de l&#8217;av\u00eds legal.<\/p>\n<p style=\"line-height: 18.0pt; background: white; box-sizing: border-box; font-variant-ligatures: normal; font-variant-caps: normal; orphans: 2; text-align: start; widows: 2; -webkit-text-stroke-width: 0px; text-decoration-thickness: initial; text-decoration-style: initial; text-decoration-color: initial; word-spacing: 0px; margin: 0cm 0cm 18.0pt 0cm;\"><strong>&#8211; Per quant temps conservarem les seves dades?<\/strong><\/p>\n<p>Les dades personals seran conservats el temps necessari per a la prestaci\u00f3 del servei omentre no retiri el seu consentiment.<\/p>\n<p>Posteriorment, les dades seran suprimides conforme al que es disposa en la normativa de protecci\u00f3 de dades el que implica el seu bloqueig, estant disponibles tan sol a sol\u00b7licitud de Jutges i tribunals, el Ministeri Fiscal o les Administracions P\u00fabliques competents durant el termini de prescripci\u00f3 de les accions que poguessin derivar i, transcorregut aquest, procedirem a la seva completa eliminaci\u00f3.<\/p>\n<p><strong>&#8211; Quins s\u00f3n els seus drets?<\/strong><\/p>\n<p>Qualsevol interessat t\u00e9 dret a obtenir confirmaci\u00f3 sobre si IND\u00daSTRIES METADELL, S.L., estem tractant dades personals que els concerneixen, o no.<\/p>\n<p>De la mateixa manera, tal com queda previst en el Reglament General de Protecci\u00f3 de Dades, les persones interessades tenen dret a:<\/p>\n<ul>\n<li><strong> Accedir a les seves dades<\/strong>: t\u00e9 dret a accedir i con\u00e8ixer qu\u00e8 dades personals estem tractant que li concerneixen.<\/li>\n<li><strong> Sol\u00b7licitar la rectificaci\u00f3 o supressi\u00f3 de les seves dades<\/strong>: en determinades circumst\u00e0ncies, t\u00e9 dret a rectificar aquelles dades personals que consideri inexactes i que li concerneixin, i que siguin objecte de tractament per part d&#8217;IND\u00daSTRIES METADELL, S.L., o fins i tot, a sol\u00b7licitar la seva supressi\u00f3 quan, entre altres motius, les dades ja no anessin necessaris per a les finalitats que van ser recollits.<\/li>\n<li><strong> Sol\u00b7licitar la limitaci\u00f3 del tractament de les seves dades: <\/strong>en determinades circumst\u00e0ncies, tindr\u00e0 dret a sol\u00b7licitar-nos la limitaci\u00f3 del tractament de les seves dades, en aquest cas li informem que \u00fanicament els conservarem per a l&#8217;exercici o defensa de reclamacions tal com queda previst en el Reglament General de Protecci\u00f3 de Dades.<\/li>\n<li><strong> A la portabilitat de les teves dades: <\/strong>en determinades circumst\u00e0ncies, tindr\u00e0 dret a rebre les dades personals que li incumbeixin, i que ens hagi facilitat, en un format estructurat d&#8217;\u00fas com\u00fa i lectura mec\u00e0nica, i a transmetre&#8217;ls a un altre responsable del tractament.<\/li>\n<li><strong> Oposar-se al tractament de les seves dades<\/strong>: en determinades circumst\u00e0ncies i per motius relacionats amb la seva situaci\u00f3 particular, tindr\u00e0 dret a oposar-se al tractament de les seves dades en aquest cas, deixar\u00edem de tractar-los tret que, per motius leg\u00edtims imperiosos, o l&#8217;exercici o la defensa de possibles reclamacions.<\/li>\n<\/ul>\n<p><strong>\u00a0<\/strong><\/p>\n<p>Aix\u00ed mateix, t\u00e9 dret, a qualsevol moment, a oposar-se a l&#8217;enviament de publicitat per mitjans electr\u00f2nics, i retirar el seu consentiment.<\/p>\n<p><strong>\u00a0<\/strong>Podr\u00e0 exercir els drets anteriorment descrits, mitjan\u00e7ant sol\u00b7licitud escrita dirigida a IND\u00daSTRIES METADELL, S.L., amb CIF B60487691, amb domicili en carrer Geminis, 68 -08228- Terrassa- Barcelona o ben remetent un correu electr\u00f2nic a metadell@metadell.com.<\/p>\n<p>Finalment, en cas que senti vulnerats els seus drets pel que concerneix la protecci\u00f3 de les seves dades personals, especialment quan no hagi obtingut satisfacci\u00f3 dels seus drets, pot presentar reclamaci\u00f3 davant l&#8217;Autoritat de Control en mat\u00e8ria de Protecci\u00f3 de Dades competent a trav\u00e9s del seu lloc web: <a href=\"http:\/\/www.agpd.es\">www.agpd.es<\/a>.<\/p>\n","protected":false},"excerpt":{"rendered":"<p>Introducci\u00f3 &#8211; Qui \u00e9s el responsable del tractament de les seves dades personals? &#8211; Amb quina finalitat tractem les seves dades?&#8230;<\/p>\n","protected":false},"author":1,"featured_media":0,"parent":0,"menu_order":0,"comment_status":"closed","ping_status":"closed","template":"","meta":[],"_links":{"self":[{"href":"https:\/\/metadell.com\/ca\/wp-json\/wp\/v2\/pages\/2346"}],"collection":[{"href":"https:\/\/metadell.com\/ca\/wp-json\/wp\/v2\/pages"}],"about":[{"href":"https:\/\/metadell.com\/ca\/wp-json\/wp\/v2\/types\/page"}],"author":[{"embeddable":true,"href":"https:\/\/metadell.com\/ca\/wp-json\/wp\/v2\/users\/1"}],"replies":[{"embeddable":true,"href":"https:\/\/metadell.com\/ca\/wp-json\/wp\/v2\/comments?post=2346"}],"version-history":[{"count":1,"href":"https:\/\/metadell.com\/ca\/wp-json\/wp\/v2\/pages\/2346\/revisions"}],"predecessor-version":[{"id":2347,"href":"https:\/\/metadell.com\/ca\/wp-json\/wp\/v2\/pages\/2346\/revisions\/2347"}],"wp:attachment":[{"href":"https:\/\/metadell.com\/ca\/wp-json\/wp\/v2\/media?parent=2346"}],"curies":[{"name":"wp","href":"https:\/\/api.w.org\/{rel}","templated":true}]}}