{"id":1924,"date":"2015-04-15T10:51:55","date_gmt":"2015-04-15T10:51:55","guid":{"rendered":"http:\/\/metadell.com\/en\/home\/"},"modified":"2018-07-09T17:01:00","modified_gmt":"2018-07-09T15:01:00","slug":"home","status":"publish","type":"page","link":"https:\/\/metadell.com\/en\/","title":{"rendered":"Home"},"content":{"rendered":"<section class=\"light-wrapper full vc_row wpb_row vc_row-fluid no-pad\">\n\t<div class=\"col-md-12 wpb_column vc_column_container \">\n\t\t<div class=\"wpb_wrapper\">\n\t\t\t<section class=\"hero-slider centered-text-slider  \"><ul class=\"slides\"><li class=\"not-overlay no\"><div class=\"background-image-holder\"><img width=\"1500\" height=\"1001\" src=\"https:\/\/metadell.com\/wp-content\/uploads\/2015\/04\/ajustaje1.jpg\" class=\"background-image\" alt=\"\" loading=\"lazy\" srcset=\"https:\/\/metadell.com\/wp-content\/uploads\/2015\/04\/ajustaje1.jpg 1500w, https:\/\/metadell.com\/wp-content\/uploads\/2015\/04\/ajustaje1-440x295.jpg 440w, https:\/\/metadell.com\/wp-content\/uploads\/2015\/04\/ajustaje1-600x400.jpg 600w, https:\/\/metadell.com\/wp-content\/uploads\/2015\/04\/ajustaje1-300x200.jpg 300w, https:\/\/metadell.com\/wp-content\/uploads\/2015\/04\/ajustaje1-1024x683.jpg 1024w\" sizes=\"(max-width: 1500px) 100vw, 1500px\" \/><\/div><div class=\"container vertical-align\"><div class=\"row\"><div class=\"col-sm-12 text-center ebor-slider-content\"><\/p>\n<h1>Manufacture of tailored mechanized pieces<\/h1>\n<p>\n<\/div><\/div><\/div><\/li><li class=\"not-overlay no\"><div class=\"background-image-holder\"><img width=\"1500\" height=\"1001\" src=\"https:\/\/metadell.com\/wp-content\/uploads\/2015\/04\/materiales.jpg\" class=\"background-image\" alt=\"\" loading=\"lazy\" srcset=\"https:\/\/metadell.com\/wp-content\/uploads\/2015\/04\/materiales.jpg 1500w, https:\/\/metadell.com\/wp-content\/uploads\/2015\/04\/materiales-440x295.jpg 440w, https:\/\/metadell.com\/wp-content\/uploads\/2015\/04\/materiales-600x400.jpg 600w, https:\/\/metadell.com\/wp-content\/uploads\/2015\/04\/materiales-300x200.jpg 300w, https:\/\/metadell.com\/wp-content\/uploads\/2015\/04\/materiales-1024x683.jpg 1024w\" sizes=\"(max-width: 1500px) 100vw, 1500px\" \/><\/div><div class=\"container vertical-align\"><div class=\"row\"><div class=\"col-sm-12 text-center ebor-slider-content\"><\/p>\n<h1>Unique machined parts<\/h1>\n<p>\n<\/div><\/div><\/div><\/li><li class=\"not-overlay no\"><div class=\"background-image-holder\"><img width=\"1500\" height=\"1000\" src=\"https:\/\/metadell.com\/wp-content\/uploads\/2015\/04\/torno4ejes.jpg\" class=\"background-image\" alt=\"\" loading=\"lazy\" srcset=\"https:\/\/metadell.com\/wp-content\/uploads\/2015\/04\/torno4ejes.jpg 1500w, https:\/\/metadell.com\/wp-content\/uploads\/2015\/04\/torno4ejes-600x400.jpg 600w, https:\/\/metadell.com\/wp-content\/uploads\/2015\/04\/torno4ejes-300x200.jpg 300w, https:\/\/metadell.com\/wp-content\/uploads\/2015\/04\/torno4ejes-1024x683.jpg 1024w\" sizes=\"(max-width: 1500px) 100vw, 1500px\" \/><\/div><div class=\"container vertical-align\"><div class=\"row\"><div class=\"col-sm-12 text-center ebor-slider-content\"><\/p>\n<h1>Machining of parts, prototypes and small series<\/h1>\n<p>\n<\/div><\/div><\/div><\/li><\/ul><\/section>\n\t\t<\/div> \n\t<\/div> \n<\/section><section class=\"light-wrapper light-wrapper vc_row wpb_row vc_row-fluid vc_custom_1434462603072 \"><div class=\"container\"><div class=\"row\">\n\t<div class=\"col-md-12 wpb_column vc_column_container \">\n\t\t<div class=\"wpb_wrapper\">\n\t\t\t<br \/>\n\n<div class=\"wpml-ls-statics-footer wpml-ls wpml-ls-legacy-list-horizontal\" id=\"lang_sel_footer\">\n\t<ul><li class=\"wpml-ls-slot-footer wpml-ls-item wpml-ls-item-en wpml-ls-current-language wpml-ls-first-item wpml-ls-item-legacy-list-horizontal\">\n\t\t\t\t<a href=\"https:\/\/metadell.com\/en\/\" class=\"wpml-ls-link\">\n                                                        <img\n            class=\"wpml-ls-flag iclflag\"\n            src=\"https:\/\/metadell.com\/wp-content\/plugins\/sitepress-multilingual-cms\/res\/flags\/en.png\"\n            alt=\"\"\n            width=18\n            height=12\n    \/><span class=\"wpml-ls-native icl_lang_sel_native\">English<\/span><\/a>\n\t\t\t<\/li><li class=\"wpml-ls-slot-footer wpml-ls-item wpml-ls-item-es wpml-ls-item-legacy-list-horizontal\">\n\t\t\t\t<a href=\"https:\/\/metadell.com\/\" class=\"wpml-ls-link\">\n                                                        <img\n            class=\"wpml-ls-flag iclflag\"\n            src=\"https:\/\/metadell.com\/wp-content\/plugins\/sitepress-multilingual-cms\/res\/flags\/es.png\"\n            alt=\"\"\n            width=18\n            height=12\n    \/><span class=\"wpml-ls-native icl_lang_sel_native\" lang=\"es\">Espa\u00f1ol<\/span><\/a>\n\t\t\t<\/li><li class=\"wpml-ls-slot-footer wpml-ls-item wpml-ls-item-ca wpml-ls-last-item wpml-ls-item-legacy-list-horizontal\">\n\t\t\t\t<a href=\"https:\/\/metadell.com\/ca\/\" class=\"wpml-ls-link\">\n                                                        <img\n            class=\"wpml-ls-flag iclflag\"\n            src=\"https:\/\/metadell.com\/wp-content\/plugins\/sitepress-multilingual-cms\/res\/flags\/ca.png\"\n            alt=\"\"\n            width=18\n            height=12\n    \/><span class=\"wpml-ls-native icl_lang_sel_native\" lang=\"ca\">Catal\u00e0<\/span><\/a>\n\t\t\t<\/li><\/ul>\n<\/div>\n<br \/>\n\n\t<div class=\"wpb_text_column wpb_content_element \">\n\t\t<div class=\"wpb_wrapper\">\n\t\t\t<p class=\"Body\" style=\"text-align: center;\"><span lang=\"EN-US\">Perfect combination between high technology, highly skilled staff, direct and personalized customer service and reliable delivery schedules.<\/span><\/p>\n\n\t\t<\/div> \n\t<\/div> \n\t\t<\/div> \n\t<\/div> \n<\/div><\/div><\/section><section class=\"image-block light-wrapper image-right vc_row wpb_row vc_row-fluid  \"><div class=\"container\"><div class=\"row\"><div class=\"col-md-5 col-sm-7\">\n\t<div class=\"col-md-12 wpb_column vc_column_container \">\n\t\t<div class=\"wpb_wrapper\">\n\t\t\t<div class=\"text-block\"><div class=\"detail-line\"><\/div><h5>Precision + quality<\/h5><h4>Machining of parts by chip removal. Exhaustive quality controls with the latest technology<\/h4><\/div>\n\t<div class=\"wpb_text_column wpb_content_element \">\n\t\t<div class=\"wpb_wrapper\">\n\t\t\t<p class=\"Body\"><span lang=\"EN-US\">Wide range of avant-garde machinery for the mechanized of parts by chip removal, distributed on a surface of 1450m\u00b2 and a highly skilled staff.<\/span><\/p>\n<p class=\"Body\"><span lang=\"EN-US\">WE WORK IN A DISTINCT WAY<\/span><\/p>\n<p class=\"Body\"><span lang=\"EN-US\">Our products are made of tailored mechanized pieces and they can be of any complexity depending on the needs of each client. We can also make, with different materials, small series and, if required, we assemble small sets.<\/span><\/p>\n\n\t\t<\/div> \n\t<\/div> \n\t\t<\/div> \n\t<\/div> \n<\/div><\/div><\/div><div class=\"image-holder col-md-6 col-sm-4 pull-right\">\n\t\t<div class=\"background-image-holder\"><img alt=\"Slide Background\" class=\"background-image\" src=\"http:\/\/metadell.com\/wp-content\/uploads\/2015\/04\/ctrdentro.jpg?id=1220\"><\/div>\n\t<\/div><\/section><section class=\"light-wrapper  vc_row wpb_row vc_row-fluid \"><div class=\"container\"><div class=\"row\">\n\t<div class=\"col-md-12 wpb_column vc_column_container \">\n\t\t<div class=\"wpb_wrapper\">\n\t\t\t<div class=\"action-strip-1\"><div class=\"text-center\"><span class=\"alt-font\">WE PROVIDE CONSULTING SERVICES<\/span><span class=\"title\">Free for our clients<\/span><i class=\"icon pe-7s-look\"><\/i>\n\t\t\t\t<a class=\"text-link\" href=\"http:\/\/metadell.com\/en\/contact\/\" target=\"_blank\">Contact us <i class=\"icon arrow_right\"><\/i><\/a>\n\t\t\t<\/div>\n\t\t<\/div>\n\t\t<\/div> \n\t<\/div> \n<\/div><\/div><\/section><section class=\"light-wrapper light-wrapper vc_row wpb_row vc_row-fluid vc_custom_1434033011578 no-pad\"><div class=\"container\"><div class=\"row\">\n\t<div class=\"col-md-6 wpb_column vc_column_container \">\n\t\t<div class=\"wpb_wrapper\">\n\t\t\t<div class=\"feature-box\">\n\t\t\t\t<div class=\"background-image-holder overlay-light-gradient\"><img width=\"1500\" height=\"1001\" src=\"https:\/\/metadell.com\/wp-content\/uploads\/2015\/04\/fresado1.jpg\" class=\"background-image\" alt=\"\" loading=\"lazy\" srcset=\"https:\/\/metadell.com\/wp-content\/uploads\/2015\/04\/fresado1.jpg 1500w, https:\/\/metadell.com\/wp-content\/uploads\/2015\/04\/fresado1-440x295.jpg 440w, https:\/\/metadell.com\/wp-content\/uploads\/2015\/04\/fresado1-600x400.jpg 600w, https:\/\/metadell.com\/wp-content\/uploads\/2015\/04\/fresado1-300x200.jpg 300w, https:\/\/metadell.com\/wp-content\/uploads\/2015\/04\/fresado1-1024x683.jpg 1024w\" sizes=\"(max-width: 1500px) 100vw, 1500px\" \/><\/div>\n\t\t\t\t<div class=\"content\"><\/p>\n<div class=\"hover-content\">\n<h5>Mechanized parts<\/h5>\n<h4><a href=\"https:\/\/metadell.com\/en\/products\/\">Products<\/a><\/h4>\n<p>&nbsp;<\/p>\n<\/div>\n<p>\n<\/div>\n\t\t\t   <\/div>\n\t\t<\/div> \n\t<\/div> \n\n\t<div class=\"col-md-6 wpb_column vc_column_container \">\n\t\t<div class=\"wpb_wrapper\">\n\t\t\t<div class=\"feature-box\">\n\t\t\t\t<div class=\"background-image-holder overlay-light-gradient\"><img width=\"1500\" height=\"1001\" src=\"https:\/\/metadell.com\/wp-content\/uploads\/2015\/04\/materiales.jpg\" class=\"background-image\" alt=\"\" loading=\"lazy\" srcset=\"https:\/\/metadell.com\/wp-content\/uploads\/2015\/04\/materiales.jpg 1500w, https:\/\/metadell.com\/wp-content\/uploads\/2015\/04\/materiales-440x295.jpg 440w, https:\/\/metadell.com\/wp-content\/uploads\/2015\/04\/materiales-600x400.jpg 600w, https:\/\/metadell.com\/wp-content\/uploads\/2015\/04\/materiales-300x200.jpg 300w, https:\/\/metadell.com\/wp-content\/uploads\/2015\/04\/materiales-1024x683.jpg 1024w\" sizes=\"(max-width: 1500px) 100vw, 1500px\" \/><\/div>\n\t\t\t\t<div class=\"content\"><\/p>\n<div class=\"hover-content\">\n<h5>Machining parts<\/h5>\n<h4><a href=\"https:\/\/metadell.com\/ca\/materials\/\">Materials<\/a><\/h4>\n<p>&nbsp;<\/p>\n<\/div>\n<p>\n<\/div>\n\t\t\t   <\/div>\n\t\t<\/div> \n\t<\/div> \n<\/div><\/div><\/section><section class=\"light-wrapper  vc_row wpb_row vc_row-fluid \"><div class=\"container\"><div class=\"row\">\n\t<div class=\"col-md-12 wpb_column vc_column_container \">\n\t\t<div class=\"wpb_wrapper\">\n\t\t\t<div class=\"text-block\"><div class=\"detail-line\"><\/div><h5>Latest Blog posts<\/h5><\/div>\t\n\t\t\t\n\t\t<div class=\"blog-snippets-1\">\n\t\t\n\t\t\t<div class=\"row\">\n\t\t\t\t\n<div id=\"post-2109\" class=\"col-md-4 col-sm-6 post-2109 post type-post status-publish format-standard has-post-thumbnail hentry category-uncategorized\">\n\t<div class=\"blog-snippet-1 image-snippet overlay\">\n\t\t\n\t\t\t\t\t<div class=\"background-image-holder\">\n\t\t\t\t<img width=\"1024\" height=\"682\" src=\"https:\/\/metadell.com\/wp-content\/uploads\/2015\/05\/noticia_blog_metadell_1-1024x682.jpg\" class=\"background-image wp-post-image\" alt=\"\" loading=\"lazy\" srcset=\"https:\/\/metadell.com\/wp-content\/uploads\/2015\/05\/noticia_blog_metadell_1-1024x682.jpg 1024w, https:\/\/metadell.com\/wp-content\/uploads\/2015\/05\/noticia_blog_metadell_1-600x400.jpg 600w, https:\/\/metadell.com\/wp-content\/uploads\/2015\/05\/noticia_blog_metadell_1-300x200.jpg 300w, https:\/\/metadell.com\/wp-content\/uploads\/2015\/05\/noticia_blog_metadell_1.jpg 1400w\" sizes=\"(max-width: 1024px) 100vw, 1024px\" \/>\t\t\t<\/div>\n\t\t\n\t\t<span class=\"date alt-font uppercase\">November 13, 2015<\/span>\n\t\t\n\t\t<h5>Patrocinadores UPC ecoRacing<\/h5><p>METADELL, taller de mecanizados, colabora con UPC ECORACING Despu\u00e9s de meses de colaboraci\u00f3n con ETSEIAT (Escola T\u00e8cnica Superior d&#8217;Enginyeria Industrial i&#8230;<\/p>\n\t\t\n\t\t<a class=\"text-link\" href=\"https:\/\/metadell.com\/en\/patrocinadores-upc-ecoracing\/\">\n\t\t\tRead More\t\t<\/a>\n\t\t\n\t<\/div>\n<\/div>\t\n\t\t\t<\/div>\n\t\t\t\n\t\t\t\t\t\t\n\t\t<\/div>\t\n\t\t\n\t\t\t\t\n\n\t\t<\/div> \n\t<\/div> \n<\/div><\/div><\/section>\n","protected":false},"excerpt":{"rendered":"METADELL, taller de mecanizados, colabora con UPC ECORACING Despu\u00e9s de meses de colaboraci\u00f3n con ETSEIAT (Escola T\u00e8cnica Superior d'Enginyeria Industrial i...","protected":false},"author":1,"featured_media":0,"parent":0,"menu_order":0,"comment_status":"open","ping_status":"open","template":"","meta":[],"_links":{"self":[{"href":"https:\/\/metadell.com\/en\/wp-json\/wp\/v2\/pages\/1924"}],"collection":[{"href":"https:\/\/metadell.com\/en\/wp-json\/wp\/v2\/pages"}],"about":[{"href":"https:\/\/metadell.com\/en\/wp-json\/wp\/v2\/types\/page"}],"author":[{"embeddable":true,"href":"https:\/\/metadell.com\/en\/wp-json\/wp\/v2\/users\/1"}],"replies":[{"embeddable":true,"href":"https:\/\/metadell.com\/en\/wp-json\/wp\/v2\/comments?post=1924"}],"version-history":[{"count":6,"href":"https:\/\/metadell.com\/en\/wp-json\/wp\/v2\/pages\/1924\/revisions"}],"predecessor-version":[{"id":2218,"href":"https:\/\/metadell.com\/en\/wp-json\/wp\/v2\/pages\/1924\/revisions\/2218"}],"wp:attachment":[{"href":"https:\/\/metadell.com\/en\/wp-json\/wp\/v2\/media?parent=1924"}],"curies":[{"name":"wp","href":"https:\/\/api.w.org\/{rel}","templated":true}]}}