{"id":1955,"date":"2015-11-10T16:20:15","date_gmt":"2015-11-10T15:20:15","guid":{"rendered":"http:\/\/metadell.com\/?page_id=1955"},"modified":"2015-11-10T16:20:15","modified_gmt":"2015-11-10T15:20:15","slug":"blog-news","status":"publish","type":"page","link":"https:\/\/metadell.com\/en\/blog-news\/","title":{"rendered":"Blog &#8211; news"},"content":{"rendered":"<section class=\"light-wrapper full vc_row wpb_row vc_row-fluid no-pad\">\n\t<div class=\"col-md-12 wpb_column vc_column_container \">\n\t\t<div class=\"wpb_wrapper\">\n\t\t\t<section class=\"hero-slider centered-text-slider parallax short-header\"><ul class=\"slides\"><li class=\"overlay no\"><div class=\"background-image-holder\"><img width=\"1500\" height=\"999\" src=\"https:\/\/metadell.com\/wp-content\/uploads\/2015\/04\/principal11.jpg\" class=\"background-image\" alt=\"\" loading=\"lazy\" srcset=\"https:\/\/metadell.com\/wp-content\/uploads\/2015\/04\/principal11.jpg 1500w, https:\/\/metadell.com\/wp-content\/uploads\/2015\/04\/principal11-600x400.jpg 600w, https:\/\/metadell.com\/wp-content\/uploads\/2015\/04\/principal11-300x200.jpg 300w, https:\/\/metadell.com\/wp-content\/uploads\/2015\/04\/principal11-1024x682.jpg 1024w\" sizes=\"(max-width: 1500px) 100vw, 1500px\" \/><\/div><div class=\"container vertical-align\"><div class=\"row\"><div class=\"col-sm-12 text-center ebor-slider-content\"><\/p>\n<h1 style=\"text-align: center;\">Blog<\/h1>\n<p>\n<\/div><\/div><\/div><\/li><\/ul><\/section>\n\t\t<\/div> \n\t<\/div> \n<\/section><section class=\"light-wrapper dark-wrapper vc_row wpb_row vc_row-fluid \"><div class=\"container\"><div class=\"row\">\n\t<div class=\"col-md-12 wpb_column vc_column_container \">\n\t\t<div class=\"wpb_wrapper\">\n\t\t\t<div class=\"text-block\"><div class=\"detail-line\"><\/div><h5>Noticias y Novedades<\/h5><h4>\u00daltimas noticias del sector<\/h4><\/div>\t\n\t\t\t\n\t\t<div class=\"blog-snippets-1\">\n\t\t\n\t\t\t<div class=\"row\">\n\t\t\t\n\t\t\t\t<div class=\"col-md-9\">\n\t\t\t\t\t<div class=\"row\">\n\t\t\t\t\t\t\n<div id=\"post-2109\" class=\"col-sm-6 post-2109 post type-post status-publish format-standard has-post-thumbnail hentry category-uncategorized\">\n\t<div class=\"blog-snippet-1 image-snippet overlay\">\n\t\t\n\t\t\t\t\t<div class=\"background-image-holder\">\n\t\t\t\t<img width=\"1024\" height=\"682\" src=\"https:\/\/metadell.com\/wp-content\/uploads\/2015\/05\/noticia_blog_metadell_1-1024x682.jpg\" class=\"background-image wp-post-image\" alt=\"\" loading=\"lazy\" srcset=\"https:\/\/metadell.com\/wp-content\/uploads\/2015\/05\/noticia_blog_metadell_1-1024x682.jpg 1024w, https:\/\/metadell.com\/wp-content\/uploads\/2015\/05\/noticia_blog_metadell_1-600x400.jpg 600w, https:\/\/metadell.com\/wp-content\/uploads\/2015\/05\/noticia_blog_metadell_1-300x200.jpg 300w, https:\/\/metadell.com\/wp-content\/uploads\/2015\/05\/noticia_blog_metadell_1.jpg 1400w\" sizes=\"(max-width: 1024px) 100vw, 1024px\" \/>\t\t\t<\/div>\n\t\t\n\t\t<span class=\"date alt-font uppercase\">November 13, 2015<\/span>\n\t\t\n\t\t<h5>Patrocinadores UPC ecoRacing<\/h5><p>METADELL, taller de mecanizados, colabora con UPC ECORACING Despu\u00e9s de meses de colaboraci\u00f3n con ETSEIAT (Escola T\u00e8cnica Superior d&#8217;Enginyeria Industrial i&#8230;<\/p>\n\t\t\n\t\t<a class=\"text-link\" href=\"https:\/\/metadell.com\/en\/patrocinadores-upc-ecoracing\/\">\n\t\t\tRead More\t\t<\/a>\n\t\t\n\t<\/div>\n<\/div>\t\n\t\t\t\t\t<\/div>\n\t\t\t\t<\/div>\n\t\t\t\n\t\t\t\t<div class=\"col-md-3 col-sm-9\">\n\t<div class=\"sidebar\">\n\t\t<div id=\"search-2\" class=\"sidebox widget widget_search\"><h4 class=\"widget-title section-title minimal-caps font4 black\">Search<\/h4><div class=\"inner-spacer color-bg\"><\/div><div class=\"search-bar\">\n\t<form class=\"search\" method=\"get\" id=\"searchform\" action=\"https:\/\/metadell.com\/en\/\">\n\t\t<input type=\"text\" id=\"s2\" name=\"s\" placeholder=\"\" \/>\n\t\t<input type=\"submit\" value=\"\" \/>\n\t\t<i class=\"pe-7s-search\"><\/i>\n\t<\/form>\n<\/div><\/div>\n\t\t<div id=\"recent-posts-2\" class=\"sidebox widget widget_recent_entries\">\n\t\t<h4 class=\"widget-title section-title minimal-caps font4 black\">Recent Posts<\/h4><div class=\"inner-spacer color-bg\"><\/div>\n\t\t<ul>\n\t\t\t\t\t\t\t\t\t\t\t<li>\n\t\t\t\t\t<a href=\"https:\/\/metadell.com\/en\/patrocinadores-upc-ecoracing\/\">Patrocinadores UPC ecoRacing<\/a>\n\t\t\t\t\t\t\t\t\t<\/li>\n\t\t\t\t\t<\/ul>\n\n\t\t<\/div><div id=\"archives-2\" class=\"sidebox widget widget_archive\"><h4 class=\"widget-title section-title minimal-caps font4 black\">Archives<\/h4><div class=\"inner-spacer color-bg\"><\/div>\n\t\t\t<ul>\n\t\t\t\t\t<li><a href='https:\/\/metadell.com\/en\/2015\/11\/'>November 2015<\/a><\/li>\n\t\t\t<\/ul>\n\n\t\t\t<\/div><div id=\"categories-2\" class=\"sidebox widget widget_categories\"><h4 class=\"widget-title section-title minimal-caps font4 black\">Categories<\/h4><div class=\"inner-spacer color-bg\"><\/div>\n\t\t\t<ul>\n\t\t\t\t\t<li class=\"cat-item cat-item-1\"><a href=\"https:\/\/metadell.com\/en\/category\/uncategorized\/\">Uncategorized<\/a>\n<\/li>\n\t\t\t<\/ul>\n\n\t\t\t<\/div>\t<\/div>\n<\/div>\t\t\t\n\t\t\t<\/div><!--end of row-->\n\t\t\t\n\t\t\t\t\t\t\n\t\t<\/div>\t\n\t\t\n\t\t\t\t\n\n\t\t<\/div> \n\t<\/div> \n<\/div><\/div><\/section>\n","protected":false},"excerpt":{"rendered":"METADELL, taller de mecanizados, colabora con UPC ECORACING Despu\u00e9s de meses de colaboraci\u00f3n con ETSEIAT (Escola T\u00e8cnica Superior d'Enginyeria Industrial i...","protected":false},"author":1,"featured_media":0,"parent":0,"menu_order":0,"comment_status":"open","ping_status":"closed","template":"","meta":[],"_links":{"self":[{"href":"https:\/\/metadell.com\/en\/wp-json\/wp\/v2\/pages\/1955"}],"collection":[{"href":"https:\/\/metadell.com\/en\/wp-json\/wp\/v2\/pages"}],"about":[{"href":"https:\/\/metadell.com\/en\/wp-json\/wp\/v2\/types\/page"}],"author":[{"embeddable":true,"href":"https:\/\/metadell.com\/en\/wp-json\/wp\/v2\/users\/1"}],"replies":[{"embeddable":true,"href":"https:\/\/metadell.com\/en\/wp-json\/wp\/v2\/comments?post=1955"}],"version-history":[{"count":1,"href":"https:\/\/metadell.com\/en\/wp-json\/wp\/v2\/pages\/1955\/revisions"}],"predecessor-version":[{"id":1956,"href":"https:\/\/metadell.com\/en\/wp-json\/wp\/v2\/pages\/1955\/revisions\/1956"}],"wp:attachment":[{"href":"https:\/\/metadell.com\/en\/wp-json\/wp\/v2\/media?parent=1955"}],"curies":[{"name":"wp","href":"https:\/\/api.w.org\/{rel}","templated":true}]}}